{"id":2191,"date":"2022-05-24T08:17:18","date_gmt":"2022-05-24T00:17:18","guid":{"rendered":"https:\/\/www.tesswave.com\/?post_type=product&#038;p=2191"},"modified":"2025-06-19T19:50:26","modified_gmt":"2025-06-19T11:50:26","slug":"5-8-ghz-29dbi-grid-parabolic-wifi-antenna","status":"publish","type":"product","link":"https:\/\/www.tesswave.com\/pt\/product\/5-8-ghz-29dbi-grid-parabolic-wifi-antenna\/","title":{"rendered":"5.8GHz 29dBi Antena WiFi Parab\u00f3lica de Grelha de Alto Ganho"},"content":{"rendered":"<figure class=\"wp-block-table\"><table class=\"has-fixed-layout\"><tbody><tr><td><strong>Especifica\u00e7\u00f5es el\u00e9ctricas<\/strong><\/td><td>&nbsp;<\/td><\/tr><tr><td>Frequ\u00eancia<\/td><td>5725-5850 MHz<\/td><\/tr><tr><td>Ganho<\/td><td>29 dBi<\/td><\/tr><tr><td>VSWR<\/td><td>&lt;1.5<\/td><\/tr><tr><td>Polariza\u00e7\u00e3o<\/td><td>Vertical<\/td><\/tr><tr><td>Largura do feixe horizontal<\/td><td>4\u00b0<\/td><\/tr><tr><td>Largura do feixe vertical<\/td><td>4\u00b0<\/td><\/tr><tr><td>R\u00e1cio F\/B<\/td><td>\u226530dB<\/td><\/tr><tr><td>Imped\u00e2ncia<\/td><td>50 ohms<\/td><\/tr><tr><td>M\u00e1x. Pot\u00eancia de entrada<\/td><td>100W<\/td><\/tr><tr><td>Prote\u00e7\u00e3o contra raios<\/td><td>Terra DC<\/td><\/tr><tr><td><strong>Especifica\u00e7\u00f5es mec\u00e2nicas<\/strong><\/td><td>&nbsp;<\/td><\/tr><tr><td>Conector<\/td><td>N Feminino<\/td><\/tr><tr><td>Dimens\u00e3o<\/td><td>600\u00d7900mm<\/td><\/tr><tr><td>Peso<\/td><td>2,5 kg<\/td><\/tr><tr><td>Montagem<\/td><td>Mastro \u00d840-\u00d860 mm<\/td><\/tr><tr><td>Taxa de velocidade do vento<\/td><td>210km\/h<\/td><\/tr><tr><td>Temperatura de funcionamento<\/td><td>-40\u2103 - +65\u2103<\/td><\/tr><\/tbody><\/table><\/figure>","protected":false},"author":1,"featured_media":4904,"menu_order":0,"template":"","meta":{"_acf_changed":true},"product_cat":[246,334],"product_tag":[],"class_list":["post-2191","product","type-product","status-publish","has-post-thumbnail","hentry","product_cat-parabolic-wifi-antennas","product_cat-5-ghz-antennas"],"acf":{"_sku":"TGC-5800-29E9","product-image":[4904],"_price":"35","pdsms":null,"excerpt":"<ul>\r\n<li>Funciona na banda de frequ\u00eancia 5725-5850MHz para WiFi<\/li>\r\n<li>Design de alto ganho<\/li>\r\n<li>Ideal para liga\u00e7\u00f5es exteriores ponto a ponto de longo alcance<\/li>\r\n<li>Instala\u00e7\u00e3o exterior em poste<\/li>\r\n<li>Suportes de montagem resistentes<\/li>\r\n<li>N Conector f\u00eamea<\/li>\r\n<\/ul>","faqs":""},"_links":{"self":[{"href":"https:\/\/www.tesswave.com\/pt\/wp-json\/wp\/v2\/product\/2191","targetHints":{"allow":["GET"]}}],"collection":[{"href":"https:\/\/www.tesswave.com\/pt\/wp-json\/wp\/v2\/product"}],"about":[{"href":"https:\/\/www.tesswave.com\/pt\/wp-json\/wp\/v2\/types\/product"}],"author":[{"embeddable":true,"href":"https:\/\/www.tesswave.com\/pt\/wp-json\/wp\/v2\/users\/1"}],"acf:attachment":[{"embeddable":true,"href":"https:\/\/www.tesswave.com\/pt\/wp-json\/wp\/v2\/media\/4904"}],"wp:featuredmedia":[{"embeddable":true,"href":"https:\/\/www.tesswave.com\/pt\/wp-json\/wp\/v2\/media\/4904"}],"wp:attachment":[{"href":"https:\/\/www.tesswave.com\/pt\/wp-json\/wp\/v2\/media?parent=2191"}],"wp:term":[{"taxonomy":"product_cat","embeddable":true,"href":"https:\/\/www.tesswave.com\/pt\/wp-json\/wp\/v2\/product_cat?post=2191"},{"taxonomy":"product_tag","embeddable":true,"href":"https:\/\/www.tesswave.com\/pt\/wp-json\/wp\/v2\/product_tag?post=2191"}],"curies":[{"name":"wp","href":"https:\/\/api.w.org\/{rel}","templated":true}]}}