{"id":2224,"date":"2022-05-24T10:32:13","date_gmt":"2022-05-24T02:32:13","guid":{"rendered":"https:\/\/www.tesswave.com\/?post_type=product&#038;p=2224"},"modified":"2025-06-19T19:47:35","modified_gmt":"2025-06-19T11:47:35","slug":"2-4-ghz-16dbi-yagi-wifi-antenna","status":"publish","type":"product","link":"https:\/\/www.tesswave.com\/pt\/product\/2-4-ghz-16dbi-yagi-wifi-antenna\/","title":{"rendered":"2.4GHz 16dBi Antena WiFi Yagi de alto ganho e longo alcance"},"content":{"rendered":"<figure class=\"wp-block-table is-style-regular\"><table class=\"has-fixed-layout\"><tbody><tr><td><strong>Especifica\u00e7\u00f5es el\u00e9ctricas<\/strong><\/td><td>&nbsp;<\/td><\/tr><tr><td>Frequ\u00eancia<\/td><td>2400-2500 MHz<\/td><\/tr><tr><td>Ganho<\/td><td>16 dBi<\/td><\/tr><tr><td>VSWR<\/td><td>&lt;1.5<\/td><\/tr><tr><td>Polariza\u00e7\u00e3o<\/td><td>Vertical<\/td><\/tr><tr><td>Largura do feixe horizontal<\/td><td>27\u00b0<\/td><\/tr><tr><td>Largura do feixe vertical<\/td><td>26\u00b0<\/td><\/tr><tr><td>R\u00e1cio F\/B<\/td><td>\u226516dB<\/td><\/tr><tr><td>Imped\u00e2ncia<\/td><td>50 ohms<\/td><\/tr><tr><td>M\u00e1x. Pot\u00eancia de entrada<\/td><td>100W<\/td><\/tr><tr><td>Prote\u00e7\u00e3o contra raios<\/td><td>Terra DC<\/td><\/tr><tr><td><strong>Especifica\u00e7\u00f5es mec\u00e2nicas<\/strong><\/td><td>&nbsp;<\/td><\/tr><tr><td>Conector<\/td><td>N Feminino<\/td><\/tr><tr><td>Dimens\u00e3o<\/td><td>730mm<\/td><\/tr><tr><td>Peso<\/td><td>0,35 kg<\/td><\/tr><tr><td>Montagem<\/td><td>Mastro \u00d840-\u00d860 mm<\/td><\/tr><tr><td>Taxa de velocidade do vento<\/td><td>210km\/h<\/td><\/tr><tr><td>Temperatura de funcionamento<\/td><td>-40\u2103 - +65\u2103<\/td><\/tr><\/tbody><\/table><\/figure>","protected":false},"author":1,"featured_media":5033,"menu_order":0,"template":"","meta":{"_acf_changed":true},"product_cat":[243,332],"product_tag":[],"class_list":["post-2224","product","type-product","status-publish","has-post-thumbnail","hentry","product_cat-yagi-wifi-antennas","product_cat-2-4-ghz-antennas"],"acf":{"_sku":"TYC-2400-16E","product-image":[5033],"_price":"14","pdsms":null,"excerpt":"<ul>\r\n<li>Funciona na banda de frequ\u00eancia 2400-2500MHz<\/li>\r\n<li>Ganho elevado 16dBi verdadeiro<\/li>\r\n<li>Direcional para ponto a ponto<\/li>\r\n<li>Instala\u00e7\u00e3o exterior em poste<\/li>\r\n<li>Dimens\u00f5es: 730mm comprimento<\/li>\r\n<li>N Conector f\u00eamea com cabo 30cm RG58<\/li>\r\n<\/ul>","faqs":""},"_links":{"self":[{"href":"https:\/\/www.tesswave.com\/pt\/wp-json\/wp\/v2\/product\/2224","targetHints":{"allow":["GET"]}}],"collection":[{"href":"https:\/\/www.tesswave.com\/pt\/wp-json\/wp\/v2\/product"}],"about":[{"href":"https:\/\/www.tesswave.com\/pt\/wp-json\/wp\/v2\/types\/product"}],"author":[{"embeddable":true,"href":"https:\/\/www.tesswave.com\/pt\/wp-json\/wp\/v2\/users\/1"}],"acf:attachment":[{"embeddable":true,"href":"https:\/\/www.tesswave.com\/pt\/wp-json\/wp\/v2\/media\/5033"}],"wp:featuredmedia":[{"embeddable":true,"href":"https:\/\/www.tesswave.com\/pt\/wp-json\/wp\/v2\/media\/5033"}],"wp:attachment":[{"href":"https:\/\/www.tesswave.com\/pt\/wp-json\/wp\/v2\/media?parent=2224"}],"wp:term":[{"taxonomy":"product_cat","embeddable":true,"href":"https:\/\/www.tesswave.com\/pt\/wp-json\/wp\/v2\/product_cat?post=2224"},{"taxonomy":"product_tag","embeddable":true,"href":"https:\/\/www.tesswave.com\/pt\/wp-json\/wp\/v2\/product_tag?post=2224"}],"curies":[{"name":"wp","href":"https:\/\/api.w.org\/{rel}","templated":true}]}}