{"id":2227,"date":"2022-05-24T10:35:11","date_gmt":"2022-05-24T02:35:11","guid":{"rendered":"https:\/\/www.tesswave.com\/?post_type=product&#038;p=2227"},"modified":"2025-06-19T19:47:13","modified_gmt":"2025-06-19T11:47:13","slug":"2-4-ghz-12dbi-yagi-wifi-antenna","status":"publish","type":"product","link":"https:\/\/www.tesswave.com\/pt\/product\/2-4-ghz-12dbi-yagi-wifi-antenna\/","title":{"rendered":"2.4GHz 12dBi Antena WiFi Yagi direcional para exterior"},"content":{"rendered":"<p>A nossa antena Yagi WiFi funciona na banda de frequ\u00eancia 2.4GHz e 5GHz. \u00c9 uma antena WiFi direcional para o exterior com uma boa rela\u00e7\u00e3o custo-benef\u00edcio, utilizada principalmente para instala\u00e7\u00f5es de clientes. Igual \u00e0 antena&nbsp;<a href=\"https:\/\/www.tesswave.com\/pt\/products\/wifi-antennas\/panel-wifi-antennas\/\">antenas WiFi de painel<\/a>A antena Yagi WiFi tamb\u00e9m possui alto ganho e feixe estreito, o que \u00e9 ideal para conex\u00e3o sem fio externa ponto a ponto ou ponto a multiponto. A antena Yagi em geral \u00e9 ligada ao router, ao ponto de acesso ou a outros dispositivos WiFi atrav\u00e9s de um adaptador de cabo coaxial, tornando-se assim um&nbsp;<a href=\"https:\/\/www.tesswave.com\/pt\/what-is-wireless-bridge\/\">ponte sem fios<\/a>&nbsp;que pode realizar a liga\u00e7\u00e3o de dados WiFi, transmitir sinais de v\u00eddeo sem fios e outras aplica\u00e7\u00f5es de liga\u00e7\u00e3o WiFi sem fios no exterior.<\/p>\n\n\n\n<p>As antenas Yagi WiFi s\u00e3o uma antena direcional muito t\u00edpica. Consiste em v\u00e1rios elementos de tubo oco e uma barra que s\u00e3o ambos feitos de alum\u00ednio, estes elementos de tubo s\u00e3o montados paralelamente \u00e0 barra, o elemento na extremidade da alimenta\u00e7\u00e3o \u00e9 mais longo e utilizado como refletor, as antenas com diferentes frequ\u00eancias t\u00eam diferentes comprimentos destes elementos, as antenas Yagi de alta frequ\u00eancia s\u00e3o geralmente muito mais pequenas em tamanho do que as antenas de baixa frequ\u00eancia.&nbsp;<\/p>\n\n\n\n<p>Estas antenas WiFi Yagi t\u00eam de ser montadas num mastro, sendo prefer\u00edvel que estejam no telhado ou num local mais elevado para evitar a perda de sinal devido a obstru\u00e7\u00f5es. A antena \u00e9 fornecida com um kit de montagem resistente, o seu design simples permite-lhe instal\u00e1-la facilmente, e \u00e9 f\u00e1cil ajustar o \u00e2ngulo da antena, al\u00e9m disso, o kit de montagem foi concebido para permitir que a antena seja montada na horizontal ou na vertical. A antena \u00e9 feita de material met\u00e1lico de alum\u00ednio, que n\u00e3o enferruja e pode resistir a v\u00e1rios ambientes exteriores adversos.<\/p>\n\n\n\n<p>A nossa antena Yagi WiFi \u00e9 fornecida com um conetor f\u00eamea N t\u00edpico e 30cm de cabo coaxial RG58, para os&nbsp;<a href=\"https:\/\/www.tesswave.com\/pt\/customization\/\">encomendas personalizadas<\/a>Tamb\u00e9m podemos fornecer outros conectores (como SMA, TNC e BNC, etc.) e outro tipo de cabo coaxial (RG58U, LMR200 ou LMR240, etc.). A antena WiFi Yagi \u00e9 uma antena direcional econ\u00f3mica, que pode fornecer uma liga\u00e7\u00e3o WiFi de m\u00e9dia e longa dist\u00e2ncia. Se precisar de uma liga\u00e7\u00e3o de ultra-longa dist\u00e2ncia e tiver or\u00e7amento suficiente, pode experimentar a nossa&nbsp;<a href=\"https:\/\/www.tesswave.com\/pt\/products\/wifi-antennas\/parabolic-wifi-antennas\/\">antena WiFi parab\u00f3lica<\/a>&nbsp;que \u00e9 de alto ganho e tem um feixe ultra-estreito.<\/p>\n\n\n\n<figure class=\"wp-block-table is-style-regular\"><table class=\"has-fixed-layout\"><tbody><tr><td>N\u00famero do modelo<\/td><td>TYC-2400-12E<\/td><\/tr><tr><td><strong>Especifica\u00e7\u00f5es el\u00e9ctricas<\/strong><\/td><td><\/td><\/tr><tr><td>Frequ\u00eancia-MHz<\/td><td>2400-2500<\/td><\/tr><tr><td>Ganho-dBi<\/td><td>12<\/td><\/tr><tr><td>VSWR<\/td><td>&lt;1.5<\/td><\/tr><tr><td>Polariza\u00e7\u00e3o<\/td><td>Vertical<\/td><\/tr><tr><td>Largura do feixe horizontal<\/td><td>48\u00b0<\/td><\/tr><tr><td>Largura do feixe vertical<\/td><td>48\u00b0<\/td><\/tr><tr><td>R\u00e1cio F\/B-dB<\/td><td>\u226516<\/td><\/tr><tr><td>Imped\u00e2ncia-ohms<\/td><td>50<\/td><\/tr><tr><td>M\u00e1x. Pot\u00eancia de entrada-W<\/td><td>100<\/td><\/tr><tr><td>Prote\u00e7\u00e3o contra raios<\/td><td>Terra DC<\/td><\/tr><tr><td><strong>Especifica\u00e7\u00f5es mec\u00e2nicas<\/strong><\/td><td>&nbsp;<\/td><\/tr><tr><td>Conector<\/td><td>N Feminino<\/td><\/tr><tr><td>Dimens\u00e3o-mm<\/td><td>350<\/td><\/tr><tr><td>Peso - kg<\/td><td>0.25<\/td><\/tr><tr><td>Montagem-mm<\/td><td>Mastro \u00d840-\u00d860<\/td><\/tr><tr><td>Taxa de velocidade do vento-km\/h<\/td><td>210<\/td><\/tr><tr><td>Temperatura de funcionamento<\/td><td>-40\u2103 - +65\u2103<\/td><\/tr><\/tbody><\/table><\/figure>","protected":false},"author":1,"featured_media":5031,"menu_order":0,"template":"","meta":{"_acf_changed":true},"product_cat":[243,332],"product_tag":[],"class_list":["post-2227","product","type-product","status-publish","has-post-thumbnail","hentry","product_cat-yagi-wifi-antennas","product_cat-2-4-ghz-antennas"],"acf":{"_sku":"TYC-2400-12E","product-image":[5031],"_price":"11","pdsms":null,"excerpt":"<ul>\r\n<li>Funciona na banda de frequ\u00eancia 2400-2500MHz<\/li>\r\n<li>Ganho elevado para utiliza\u00e7\u00e3o direcional ponto a ponto no exterior<\/li>\r\n<li>Instala\u00e7\u00e3o exterior em poste<\/li>\r\n<li>N Conector f\u00eamea com cabo 30cm RG58 (aceita outras op\u00e7\u00f5es)<\/li>\r\n<li>Fabricado em alum\u00ednio, dur\u00e1vel para ambientes exteriores agressivos<\/li>\r\n<\/ul>","faqs":""},"_links":{"self":[{"href":"https:\/\/www.tesswave.com\/pt\/wp-json\/wp\/v2\/product\/2227","targetHints":{"allow":["GET"]}}],"collection":[{"href":"https:\/\/www.tesswave.com\/pt\/wp-json\/wp\/v2\/product"}],"about":[{"href":"https:\/\/www.tesswave.com\/pt\/wp-json\/wp\/v2\/types\/product"}],"author":[{"embeddable":true,"href":"https:\/\/www.tesswave.com\/pt\/wp-json\/wp\/v2\/users\/1"}],"acf:attachment":[{"embeddable":true,"href":"https:\/\/www.tesswave.com\/pt\/wp-json\/wp\/v2\/media\/5031"}],"wp:featuredmedia":[{"embeddable":true,"href":"https:\/\/www.tesswave.com\/pt\/wp-json\/wp\/v2\/media\/5031"}],"wp:attachment":[{"href":"https:\/\/www.tesswave.com\/pt\/wp-json\/wp\/v2\/media?parent=2227"}],"wp:term":[{"taxonomy":"product_cat","embeddable":true,"href":"https:\/\/www.tesswave.com\/pt\/wp-json\/wp\/v2\/product_cat?post=2227"},{"taxonomy":"product_tag","embeddable":true,"href":"https:\/\/www.tesswave.com\/pt\/wp-json\/wp\/v2\/product_tag?post=2227"}],"curies":[{"name":"wp","href":"https:\/\/api.w.org\/{rel}","templated":true}]}}