{"id":2230,"date":"2022-05-24T10:43:07","date_gmt":"2022-05-24T02:43:07","guid":{"rendered":"https:\/\/www.tesswave.com\/?post_type=product&#038;p=2230"},"modified":"2025-06-19T19:45:55","modified_gmt":"2025-06-19T11:45:55","slug":"5ghz-12dbi-outdoor-omni-wifi-antenna","status":"publish","type":"product","link":"https:\/\/www.tesswave.com\/pt\/product\/5ghz-12dbi-outdoor-omni-wifi-antenna\/","title":{"rendered":"5.1-5.8GHz 12dBi Antena WiFi omnidirecional para exterior"},"content":{"rendered":"<p>Oferecemos uma gama de antenas WiFi omnidireccionais para exterior que funcionam na banda de frequ\u00eancia 5GHz, que \u00e9 amplamente compat\u00edvel com a rede sem fios&nbsp;<a href=\"https:\/\/www.tesswave.com\/pt\/what-are-the-ieee-802-11-standards\/\">normas IEEE<\/a>&nbsp;802.11b\/g\/n, s\u00e3o ideais para serem utilizadas num router WiFi, modem, ponto de acesso, repetidor, amplificador WiFi e gateway atrav\u00e9s de um cabo coaxial ou para serem ligadas diretamente ao dispositivo sem fios. As nossas antenas wifi omnidireccionais s\u00e3o geralmente utilizadas nas seguintes aplica\u00e7\u00f5es: WiFi p\u00fablico, jardins zool\u00f3gicos, parques p\u00fablicos e \u00e1reas de lazer ao ar livre, bem como na maioria das marinas e parques de caravanas.<\/p>\n\n\n\n<p>A antena WiFi omni n\u00e3o tem directividade, irradia um sinal num padr\u00e3o de 360 graus, o que \u00e9 ideal para sistemas em que a dire\u00e7\u00e3o para o terminal remoto \u00e9 desconhecida ou vari\u00e1vel. Foram concebidas para aumentar a intensidade do sinal e o alcance dos seus dispositivos WiFi. O ganho elevado com mais pot\u00eancia em todas as direc\u00e7\u00f5es \u00e9 perfeito para cobertura WiFi ponto a multiponto no exterior.<\/p>\n\n\n\n<p>Estas antenas WiFi omnidireccionais para exterior s\u00e3o dur\u00e1veis para instala\u00e7\u00e3o no exterior com o radome de fibra de vidro ou UV-PVC e veda\u00e7\u00e3o com classifica\u00e7\u00e3o IP66, todas as nossas antenas s\u00e3o fornecidas com um kit de montagem resistente que permite a instala\u00e7\u00e3o f\u00e1cil e r\u00e1pida das nossas antenas num poste.<\/p>\n\n\n\n<p>Oferecemos op\u00e7\u00f5es de antena SISO (Single Input Single Output) e MIMO (Multiple Input Multiple Output) para corresponder aos requisitos do seu dispositivo. Uma vez que a maioria dos dispositivos WiFi modernos suporta agora a tecnologia MIMO, recommendemos a nossa<a href=\"https:\/\/www.tesswave.com\/pt\/products\/mimo-antennas\/mimo-omni-antennas\/\">Antena omnidirecional MIMO<\/a> que inclui v\u00e1rias portas para uma compatibilidade perfeita com dispositivos sem fios com v\u00e1rias portas.<\/p>\n\n\n\n<p>Al\u00e9m disso, fornecemos uma vasta gama de antenas WiFi direcionais, incluindo modelos de painel, Yagi, sectoriais e parab\u00f3licas, para satisfazer v\u00e1rias necessidades de conetividade.<\/p>\n\n\n\n<p>Para obter mais informa\u00e7\u00f5es ou um or\u00e7amento gratuito, visite o nosso s\u00edtio Web ou contacte-nos diretamente!<\/p>\n\n\n\n<figure class=\"wp-block-table is-style-stripes\"><table class=\"has-fixed-layout\"><tbody><tr><td><strong>Especifica\u00e7\u00f5es el\u00e9ctricas<\/strong><\/td><td>&nbsp;<\/td><\/tr><tr><td>Frequ\u00eancia<\/td><td>5150-5850 MHz<\/td><\/tr><tr><td>Ganho<\/td><td>12 dBi<\/td><\/tr><tr><td>VSWR<\/td><td>&lt;1.5<\/td><\/tr><tr><td>Polariza\u00e7\u00e3o<\/td><td>Vertical<\/td><\/tr><tr><td>Largura do feixe horizontal<\/td><td>360\u00b0<\/td><\/tr><tr><td>Largura do feixe vertical<\/td><td>8\u00b0<\/td><\/tr><tr><td>Imped\u00e2ncia<\/td><td>50 ohms<\/td><\/tr><tr><td>M\u00e1x. Pot\u00eancia de entrada<\/td><td>100W<\/td><\/tr><tr><td>Prote\u00e7\u00e3o contra raios<\/td><td>Terra DC<\/td><\/tr><tr><td><strong>Especifica\u00e7\u00f5es mec\u00e2nicas<\/strong><\/td><td>&nbsp;<\/td><\/tr><tr><td>Conector<\/td><td>N Feminino<\/td><\/tr><tr><td>Dimens\u00e3o<\/td><td>\u00d820\u00d7480mm<\/td><\/tr><tr><td>Peso<\/td><td>0,5 kg<\/td><\/tr><tr><td>Montagem<\/td><td>Mastro \u00d840-\u00d860 mm<\/td><\/tr><tr><td>Material do radome<\/td><td>Fibra de vidro (branco)<\/td><\/tr><tr><td>Taxa de velocidade do vento<\/td><td>210km\/h<\/td><\/tr><tr><td>Temperatura de funcionamento<\/td><td>-40\u2103 - +65\u2103<\/td><\/tr><\/tbody><\/table><\/figure>","protected":false},"author":1,"featured_media":4965,"menu_order":0,"template":"","meta":{"_acf_changed":true},"product_cat":[242,334],"product_tag":[],"class_list":["post-2230","product","type-product","status-publish","has-post-thumbnail","hentry","product_cat-omnidirectional-wifi-antennas","product_cat-5-ghz-antennas"],"acf":{"_sku":"TOF-5158-12V","product-image":[4965],"_price":"25","pdsms":null,"excerpt":"<ul>\r\n<li>Operado na banda de frequ\u00eancias 5150-5850MHz<\/li>\r\n<li>Ganho elevado 12dBi verdadeiro<\/li>\r\n<li>Antena omnidirecional, ideal para cobertura de sinal no exterior<\/li>\r\n<li>Instala\u00e7\u00e3o exterior em poste<\/li>\r\n<li>Caixa da antena em fibra de vidro resistente \u00e0s intemp\u00e9ries<\/li>\r\n<li>Dimens\u00f5es: \u00d820\u00d7480mm<\/li>\r\n<li>IP55 resistente \u00e0 chuva e ao p\u00f3<\/li>\r\n<li>Conector N f\u00eamea t\u00edpico<\/li>\r\n<\/ul>","faqs":""},"_links":{"self":[{"href":"https:\/\/www.tesswave.com\/pt\/wp-json\/wp\/v2\/product\/2230","targetHints":{"allow":["GET"]}}],"collection":[{"href":"https:\/\/www.tesswave.com\/pt\/wp-json\/wp\/v2\/product"}],"about":[{"href":"https:\/\/www.tesswave.com\/pt\/wp-json\/wp\/v2\/types\/product"}],"author":[{"embeddable":true,"href":"https:\/\/www.tesswave.com\/pt\/wp-json\/wp\/v2\/users\/1"}],"acf:attachment":[{"embeddable":true,"href":"https:\/\/www.tesswave.com\/pt\/wp-json\/wp\/v2\/media\/4965"}],"wp:featuredmedia":[{"embeddable":true,"href":"https:\/\/www.tesswave.com\/pt\/wp-json\/wp\/v2\/media\/4965"}],"wp:attachment":[{"href":"https:\/\/www.tesswave.com\/pt\/wp-json\/wp\/v2\/media?parent=2230"}],"wp:term":[{"taxonomy":"product_cat","embeddable":true,"href":"https:\/\/www.tesswave.com\/pt\/wp-json\/wp\/v2\/product_cat?post=2230"},{"taxonomy":"product_tag","embeddable":true,"href":"https:\/\/www.tesswave.com\/pt\/wp-json\/wp\/v2\/product_tag?post=2230"}],"curies":[{"name":"wp","href":"https:\/\/api.w.org\/{rel}","templated":true}]}}