{"id":2265,"date":"2022-05-24T15:52:40","date_gmt":"2022-05-24T07:52:40","guid":{"rendered":"https:\/\/www.tesswave.com\/?post_type=product&#038;p=2265"},"modified":"2025-06-19T19:38:46","modified_gmt":"2025-06-19T11:38:46","slug":"2-4-ghz-16dbi-mimo-wifi-panel-antenna","status":"publish","type":"product","link":"https:\/\/www.tesswave.com\/pt\/product\/2-4-ghz-16dbi-mimo-wifi-panel-antenna\/","title":{"rendered":"2.4GHz 16dBi Antena de painel WiFi direcional 2\u00d72 MIMO para exterior"},"content":{"rendered":"<figure class=\"wp-block-table\"><table class=\"has-fixed-layout\"><tbody><tr><td><strong>Especifica\u00e7\u00f5es el\u00e9ctricas<\/strong><\/td><td><\/td><\/tr><tr><td>Frequ\u00eancia<\/td><td>2400-2500 MHz<\/td><\/tr><tr><td>Ganho<\/td><td>16 dBi<\/td><\/tr><tr><td>VSWR<\/td><td>&lt;1.5<\/td><\/tr><tr><td>Polariza\u00e7\u00e3o<\/td><td>Horizontal e Vertical<\/td><\/tr><tr><td>Largura do feixe horizontal<\/td><td>25\u00b0<\/td><\/tr><tr><td>Largura do feixe vertical<\/td><td>25\u00b0<\/td><\/tr><tr><td>R\u00e1cio F\/B<\/td><td>\u226520dB<\/td><\/tr><tr><td>Imped\u00e2ncia<\/td><td>50 ohms<\/td><\/tr><tr><td>M\u00e1x. Pot\u00eancia de entrada<\/td><td>100W<\/td><\/tr><tr><td>Prote\u00e7\u00e3o contra raios<\/td><td>Terra DC<\/td><\/tr><tr><td><strong>Especifica\u00e7\u00f5es mec\u00e2nicas<\/strong><\/td><td>&nbsp;<\/td><\/tr><tr><td>Conector<\/td><td>2\u00d7N F\u00eamea<\/td><\/tr><tr><td>Dimens\u00e3o<\/td><td>305\u00d7305\u00d725mm<\/td><\/tr><tr><td>Peso<\/td><td>0,7 kg<\/td><\/tr><tr><td>Montagem<\/td><td>Mastro \u00d840-\u00d860 mm<\/td><\/tr><tr><td>Material do radome<\/td><td>ABS<\/td><\/tr><tr><td>Taxa de velocidade do vento<\/td><td>210km\/h<\/td><\/tr><tr><td>Temperatura de funcionamento<\/td><td>-40\u2103 - +65\u2103<\/td><\/tr><\/tbody><\/table><\/figure>","protected":false},"author":1,"featured_media":5103,"menu_order":0,"template":"","meta":{"_acf_changed":true},"product_cat":[128,332,241],"product_tag":[],"class_list":["post-2265","product","type-product","status-publish","has-post-thumbnail","hentry","product_cat-mimo-panel-antennas","product_cat-2-4-ghz-antennas","product_cat-flat-panel-wifi-antennas"],"acf":{"_sku":"TPC-2400-16D","product-image":[5103],"_price":"29","pdsms":null,"excerpt":"<ul>\r\n<li>Funciona na banda de frequ\u00eancia 2400-2500MHz<\/li>\r\n<li>Polariza\u00e7\u00e3o dupla V\/H<\/li>\r\n<li>Antena direcional para aplica\u00e7\u00f5es exteriores ponto a ponto<\/li>\r\n<li>Montagem em poste para instala\u00e7\u00e3o no exterior<\/li>\r\n<li>Caixa da antena em ABS com prote\u00e7\u00e3o UV para prote\u00e7\u00e3o contra as intemp\u00e9ries<\/li>\r\n<li>N Conector f\u00eamea (aceita outras op\u00e7\u00f5es)<\/li>\r\n<li>IP55 resistente \u00e0 chuva e ao p\u00f3<\/li>\r\n<\/ul>","faqs":""},"_links":{"self":[{"href":"https:\/\/www.tesswave.com\/pt\/wp-json\/wp\/v2\/product\/2265","targetHints":{"allow":["GET"]}}],"collection":[{"href":"https:\/\/www.tesswave.com\/pt\/wp-json\/wp\/v2\/product"}],"about":[{"href":"https:\/\/www.tesswave.com\/pt\/wp-json\/wp\/v2\/types\/product"}],"author":[{"embeddable":true,"href":"https:\/\/www.tesswave.com\/pt\/wp-json\/wp\/v2\/users\/1"}],"acf:attachment":[{"embeddable":true,"href":"https:\/\/www.tesswave.com\/pt\/wp-json\/wp\/v2\/media\/5103"}],"wp:featuredmedia":[{"embeddable":true,"href":"https:\/\/www.tesswave.com\/pt\/wp-json\/wp\/v2\/media\/5103"}],"wp:attachment":[{"href":"https:\/\/www.tesswave.com\/pt\/wp-json\/wp\/v2\/media?parent=2265"}],"wp:term":[{"taxonomy":"product_cat","embeddable":true,"href":"https:\/\/www.tesswave.com\/pt\/wp-json\/wp\/v2\/product_cat?post=2265"},{"taxonomy":"product_tag","embeddable":true,"href":"https:\/\/www.tesswave.com\/pt\/wp-json\/wp\/v2\/product_tag?post=2265"}],"curies":[{"name":"wp","href":"https:\/\/api.w.org\/{rel}","templated":true}]}}