{"id":2293,"date":"2022-05-25T11:43:02","date_gmt":"2022-05-25T03:43:02","guid":{"rendered":"https:\/\/www.tesswave.com\/?post_type=product&#038;p=2293"},"modified":"2025-06-19T19:35:06","modified_gmt":"2025-06-19T11:35:06","slug":"2-4-5-ghz-15dbi-mimo-panel-antenna","status":"publish","type":"product","link":"https:\/\/www.tesswave.com\/pt\/product\/2-4-5-ghz-15dbi-mimo-panel-antenna\/","title":{"rendered":"2.4\/5GHz 15dBi Antena de painel direcional de banda dupla 4\u00d74 MIMO"},"content":{"rendered":"<figure class=\"wp-block-table is-style-regular\"><table class=\"has-fixed-layout\"><tbody><tr><td><strong>Especifica\u00e7\u00f5es el\u00e9ctricas<\/strong><\/td><td>&nbsp;<\/td><td>&nbsp;<\/td><\/tr><tr><td>Frequ\u00eancia-MHz<\/td><td>2400-2500<\/td><td>4900-5850<\/td><\/tr><tr><td>Ganho-dBi<\/td><td>12.5<\/td><td>14.5<\/td><\/tr><tr><td>VSWR<\/td><td>&lt;2<\/td><td>&nbsp;<\/td><\/tr><tr><td>Polariza\u00e7\u00e3o<\/td><td>2\u00d7Horizontal e 2\u00d7Vertical<\/td><td>&nbsp;<\/td><\/tr><tr><td>Largura do feixe horizontal<\/td><td>40\u00b0<\/td><td>30\u00b0<\/td><\/tr><tr><td>Largura do feixe vertical<\/td><td>40\u00b0<\/td><td>28\u00b0<\/td><\/tr><tr><td>R\u00e1cio F\/B<\/td><td>\u226520dB<\/td><td>&nbsp;<\/td><\/tr><tr><td>Isolamento<\/td><td>\u226528dB<\/td><td>&nbsp;<\/td><\/tr><tr><td>Imped\u00e2ncia<\/td><td>50 ohms<\/td><td>&nbsp;<\/td><\/tr><tr><td>M\u00e1x. Pot\u00eancia de entrada<\/td><td>100W<\/td><td>&nbsp;<\/td><\/tr><tr><td>Prote\u00e7\u00e3o contra raios<\/td><td>Terra DC<\/td><td>&nbsp;<\/td><\/tr><tr><td><strong>Especifica\u00e7\u00f5es mec\u00e2nicas<\/strong><\/td><td>&nbsp;<\/td><td>&nbsp;<\/td><\/tr><tr><td>Conector<\/td><td>4\u00d7N F\u00eamea<\/td><td>&nbsp;<\/td><\/tr><tr><td>Dimens\u00e3o<\/td><td>305\u00d7305\u00d725mm<\/td><td>&nbsp;<\/td><\/tr><tr><td>Peso<\/td><td>0,7 kg<\/td><td>&nbsp;<\/td><\/tr><tr><td>Montagem<\/td><td>Mastro \u00d840-\u00d860 mm<\/td><td>&nbsp;<\/td><\/tr><tr><td>Material do radome<\/td><td>ABS<\/td><td>&nbsp;<\/td><\/tr><tr><td>Taxa de velocidade do vento<\/td><td>210km\/h<\/td><td>&nbsp;<\/td><\/tr><tr><td>Temperatura de funcionamento<\/td><td>-40\u2103 - +65\u2103<\/td><td>&nbsp;<\/td><\/tr><\/tbody><\/table><\/figure>","protected":false},"author":1,"featured_media":4822,"menu_order":0,"template":"","meta":{"_acf_changed":true},"product_cat":[128,335,327,241],"product_tag":[],"class_list":["post-2293","product","type-product","status-publish","has-post-thumbnail","hentry","product_cat-mimo-panel-antennas","product_cat-2-4-5-ghz-antennas","product_cat-dual-band-wifi-antennas","product_cat-flat-panel-wifi-antennas"],"acf":{"_sku":"TPC-2458-15BD","product-image":[4822],"_price":"29","pdsms":null,"excerpt":"<ul>\r\n<li>Funciona na banda de dupla frequ\u00eancia 2400-2500\/4900-5850MHz<\/li>\r\n<li>Ganho real 12.5dbi@2.4GHz, 14,5dBi@5GHz<\/li>\r\n<li>Antena direcional para aplica\u00e7\u00f5es exteriores ponto a ponto<\/li>\r\n<li>Montagem em poste para instala\u00e7\u00e3o no exterior<\/li>\r\n<li>Caixa da antena em ABS com prote\u00e7\u00e3o UV para prote\u00e7\u00e3o contra as intemp\u00e9ries<\/li>\r\n<li>Dimens\u00f5es: 305\u00d7305\u00d725mm<\/li>\r\n<li>Conector f\u00eamea 4\u00d7N<\/li>\r\n<li>IP55 resistente \u00e0 chuva e ao p\u00f3<\/li>\r\n<\/ul>","faqs":""},"_links":{"self":[{"href":"https:\/\/www.tesswave.com\/pt\/wp-json\/wp\/v2\/product\/2293","targetHints":{"allow":["GET"]}}],"collection":[{"href":"https:\/\/www.tesswave.com\/pt\/wp-json\/wp\/v2\/product"}],"about":[{"href":"https:\/\/www.tesswave.com\/pt\/wp-json\/wp\/v2\/types\/product"}],"author":[{"embeddable":true,"href":"https:\/\/www.tesswave.com\/pt\/wp-json\/wp\/v2\/users\/1"}],"acf:attachment":[{"embeddable":true,"href":"https:\/\/www.tesswave.com\/pt\/wp-json\/wp\/v2\/media\/4822"}],"wp:featuredmedia":[{"embeddable":true,"href":"https:\/\/www.tesswave.com\/pt\/wp-json\/wp\/v2\/media\/4822"}],"wp:attachment":[{"href":"https:\/\/www.tesswave.com\/pt\/wp-json\/wp\/v2\/media?parent=2293"}],"wp:term":[{"taxonomy":"product_cat","embeddable":true,"href":"https:\/\/www.tesswave.com\/pt\/wp-json\/wp\/v2\/product_cat?post=2293"},{"taxonomy":"product_tag","embeddable":true,"href":"https:\/\/www.tesswave.com\/pt\/wp-json\/wp\/v2\/product_tag?post=2293"}],"curies":[{"name":"wp","href":"https:\/\/api.w.org\/{rel}","templated":true}]}}