{"id":2306,"date":"2022-05-25T11:58:12","date_gmt":"2022-05-25T03:58:12","guid":{"rendered":"https:\/\/www.tesswave.com\/?post_type=product&#038;p=2306"},"modified":"2025-06-19T19:33:42","modified_gmt":"2025-06-19T11:33:42","slug":"2-4-5-ghz-20dbi-dual-band-panel-wifi-antenna","status":"publish","type":"product","link":"https:\/\/www.tesswave.com\/pt\/product\/2-4-5-ghz-20dbi-dual-band-panel-wifi-antenna\/","title":{"rendered":"2.4\/5GHz 20dBi Antena WiFi de painel de banda dupla direcional de alto ganho para exterior"},"content":{"rendered":"<figure class=\"wp-block-table is-style-regular\"><table class=\"has-fixed-layout\"><tbody><tr><td><strong>Especifica\u00e7\u00f5es el\u00e9ctricas<\/strong><\/td><td><\/td><\/tr><tr><td>Frequ\u00eancia-MHz<\/td><td>2400-2500\/5150-5850<\/td><\/tr><tr><td>Ganho-dBi<\/td><td>16\/20<\/td><\/tr><tr><td>VSWR<\/td><td>&lt;2<\/td><\/tr><tr><td>Polariza\u00e7\u00e3o<\/td><td>Vertical<\/td><\/tr><tr><td>Largura do feixe horizontal<\/td><td>22\u00b0\/11\u00b0<\/td><\/tr><tr><td>Largura do feixe vertical<\/td><td>22\u00b0\/11\u00b0<\/td><\/tr><tr><td>R\u00e1cio F\/B-dB<\/td><td>\u226520<\/td><\/tr><tr><td>Imped\u00e2ncia-ohms<\/td><td>50 <\/td><\/tr><tr><td>M\u00e1x. Pot\u00eancia de entrada-W<\/td><td>100<\/td><\/tr><tr><td>Prote\u00e7\u00e3o contra raios<\/td><td>Terra DC<\/td><\/tr><tr><td><strong>Especifica\u00e7\u00f5es mec\u00e2nicas<\/strong><\/td><td>&nbsp;<\/td><\/tr><tr><td>Conector<\/td><td>N Feminino<\/td><\/tr><tr><td>Dimens\u00e3o-mm<\/td><td>305\u00d7305\u00d725<\/td><\/tr><tr><td>Peso - kg<\/td><td>1.2<\/td><\/tr><tr><td>Montagem-mm<\/td><td>Mastro \u00d840-\u00d860 <\/td><\/tr><tr><td>Material do radome<\/td><td>ABS<\/td><\/tr><tr><td>Taxa de velocidade do vento<\/td><td>210km\/h<\/td><\/tr><tr><td>Temperatura de funcionamento<\/td><td>-40\u2103 - +65\u2103<\/td><\/tr><\/tbody><\/table><\/figure>","protected":false},"author":1,"featured_media":5092,"menu_order":0,"template":"","meta":{"_acf_changed":true},"product_cat":[241,335,327],"product_tag":[],"class_list":["post-2306","product","type-product","status-publish","has-post-thumbnail","hentry","product_cat-flat-panel-wifi-antennas","product_cat-2-4-5-ghz-antennas","product_cat-dual-band-wifi-antennas"],"acf":{"_sku":"TPC-2458-20E","product-image":[5092],"_price":"35","pdsms":null,"excerpt":"<ul>\r\n<li>Funciona na banda de dupla frequ\u00eancia 2400-2500\/5150-5850MHz<\/li>\r\n<li>Antena direcional para aplica\u00e7\u00f5es exteriores ponto a ponto<\/li>\r\n<li>Montagem em poste para instala\u00e7\u00e3o no exterior<\/li>\r\n<li>Caixa da antena em ABS com prote\u00e7\u00e3o UV para prote\u00e7\u00e3o contra as intemp\u00e9ries<\/li>\r\n<li>IP55 resistente \u00e0 chuva e ao p\u00f3<\/li>\r\n<\/ul>","faqs":""},"_links":{"self":[{"href":"https:\/\/www.tesswave.com\/pt\/wp-json\/wp\/v2\/product\/2306","targetHints":{"allow":["GET"]}}],"collection":[{"href":"https:\/\/www.tesswave.com\/pt\/wp-json\/wp\/v2\/product"}],"about":[{"href":"https:\/\/www.tesswave.com\/pt\/wp-json\/wp\/v2\/types\/product"}],"author":[{"embeddable":true,"href":"https:\/\/www.tesswave.com\/pt\/wp-json\/wp\/v2\/users\/1"}],"acf:attachment":[{"embeddable":true,"href":"https:\/\/www.tesswave.com\/pt\/wp-json\/wp\/v2\/media\/5092"}],"wp:featuredmedia":[{"embeddable":true,"href":"https:\/\/www.tesswave.com\/pt\/wp-json\/wp\/v2\/media\/5092"}],"wp:attachment":[{"href":"https:\/\/www.tesswave.com\/pt\/wp-json\/wp\/v2\/media?parent=2306"}],"wp:term":[{"taxonomy":"product_cat","embeddable":true,"href":"https:\/\/www.tesswave.com\/pt\/wp-json\/wp\/v2\/product_cat?post=2306"},{"taxonomy":"product_tag","embeddable":true,"href":"https:\/\/www.tesswave.com\/pt\/wp-json\/wp\/v2\/product_tag?post=2306"}],"curies":[{"name":"wp","href":"https:\/\/api.w.org\/{rel}","templated":true}]}}