{"id":2312,"date":"2022-05-25T15:47:58","date_gmt":"2022-05-25T07:47:58","guid":{"rendered":"https:\/\/www.tesswave.com\/?post_type=product&#038;p=2312"},"modified":"2025-06-19T19:30:23","modified_gmt":"2025-06-19T11:30:23","slug":"2-4-5-ghz-3-port-mimo-omni-antenna","status":"publish","type":"product","link":"https:\/\/www.tesswave.com\/pt\/product\/2-4-5-ghz-3-port-mimo-omni-antenna\/","title":{"rendered":"Antena WiFi Omnidirecional MIMO Exterior de 3 Portas de Banda Dupla 2,4\/5GHz"},"content":{"rendered":"<figure class=\"wp-block-table is-style-regular\"><table class=\"has-fixed-layout\"><tbody><tr><td><strong>Especifica\u00e7\u00f5es el\u00e9ctricas<\/strong><\/td><td>&nbsp;<\/td><td>&nbsp;<\/td><\/tr><tr><td>Frequ\u00eancia-MHz<\/td><td>2400-2500<\/td><td>5150-5850<\/td><\/tr><tr><td>Ganho-dBi<\/td><td>5.5<\/td><td>7.5<\/td><\/tr><tr><td>VSWR<\/td><td>&lt;1.5<\/td><td>&lt;2<\/td><\/tr><tr><td>Polariza\u00e7\u00e3o<\/td><td>3\u00d7Vertical<\/td><td>&nbsp;<\/td><\/tr><tr><td>Largura do feixe horizontal<\/td><td>360\u00b0<\/td><td>&nbsp;<\/td><\/tr><tr><td>Largura do feixe vertical<\/td><td>28\u00b0<\/td><td>22\u00b0<\/td><\/tr><tr><td>Imped\u00e2ncia<\/td><td>50 ohms<\/td><td>&nbsp;<\/td><\/tr><tr><td>M\u00e1x. Pot\u00eancia de entrada<\/td><td>100W<\/td><td>&nbsp;<\/td><\/tr><tr><td>Prote\u00e7\u00e3o contra raios<\/td><td>Terra DC<\/td><td>&nbsp;<\/td><\/tr><tr><td><strong>Especifica\u00e7\u00f5es mec\u00e2nicas<\/strong><\/td><td>&nbsp;<\/td><td>&nbsp;<\/td><\/tr><tr><td>Conector<\/td><td>3<a>\u00d7<\/a>SMA macho<\/td><td>&nbsp;<\/td><\/tr><tr><td>Dimens\u00e3o<\/td><td>\u00d8132\u00d7280mm<\/td><td>&nbsp;<\/td><\/tr><tr><td>Peso<\/td><td>0,5 kg<\/td><td>&nbsp;<\/td><\/tr><tr><td>Montagem<\/td><td>Mastro \u00d840-\u00d860 mm<\/td><td>&nbsp;<\/td><\/tr><tr><td>Material do radome<\/td><td>PVC resistente aos UV<\/td><td>&nbsp;<\/td><\/tr><tr><td>Taxa de velocidade do vento<\/td><td>210km\/h<\/td><td>&nbsp;<\/td><\/tr><tr><td>Temperatura de funcionamento<\/td><td>-40\u2103 - +65\u2103<\/td><td>&nbsp;<\/td><\/tr><\/tbody><\/table><\/figure>","protected":false},"author":1,"featured_media":4788,"menu_order":0,"template":"","meta":{"_acf_changed":true},"product_cat":[242,335,327,247],"product_tag":[],"class_list":["post-2312","product","type-product","status-publish","has-post-thumbnail","hentry","product_cat-omnidirectional-wifi-antennas","product_cat-2-4-5-ghz-antennas","product_cat-dual-band-wifi-antennas","product_cat-mimo-omni-antennas"],"acf":{"_sku":"TOF-2458-8CV","product-image":[4788],"_price":"35","pdsms":null,"excerpt":"<ul>\r\n<li>Funciona na banda de frequ\u00eancia 2400-2500\/5150-5850MHz em cada porta<\/li>\r\n<li>Ganho real: 5.5dBi@2.4GHz e 7,5dBi@5GHz<\/li>\r\n<li>Tr\u00eas antenas verticais independentes numa \u00fanica caixa<\/li>\r\n<li>Instala\u00e7\u00e3o exterior em poste<\/li>\r\n<li>Caixa da antena em ABS resistente com prote\u00e7\u00e3o UV<\/li>\r\n<li>Dimens\u00f5es: \u03a6132\u00d7280 mm<\/li>\r\n<li>Conector macho 3\u00d7SMA com cabo 30cm<\/li>\r\n<\/ul>","faqs":""},"_links":{"self":[{"href":"https:\/\/www.tesswave.com\/pt\/wp-json\/wp\/v2\/product\/2312","targetHints":{"allow":["GET"]}}],"collection":[{"href":"https:\/\/www.tesswave.com\/pt\/wp-json\/wp\/v2\/product"}],"about":[{"href":"https:\/\/www.tesswave.com\/pt\/wp-json\/wp\/v2\/types\/product"}],"author":[{"embeddable":true,"href":"https:\/\/www.tesswave.com\/pt\/wp-json\/wp\/v2\/users\/1"}],"acf:attachment":[{"embeddable":true,"href":"https:\/\/www.tesswave.com\/pt\/wp-json\/wp\/v2\/media\/4788"}],"wp:featuredmedia":[{"embeddable":true,"href":"https:\/\/www.tesswave.com\/pt\/wp-json\/wp\/v2\/media\/4788"}],"wp:attachment":[{"href":"https:\/\/www.tesswave.com\/pt\/wp-json\/wp\/v2\/media?parent=2312"}],"wp:term":[{"taxonomy":"product_cat","embeddable":true,"href":"https:\/\/www.tesswave.com\/pt\/wp-json\/wp\/v2\/product_cat?post=2312"},{"taxonomy":"product_tag","embeddable":true,"href":"https:\/\/www.tesswave.com\/pt\/wp-json\/wp\/v2\/product_tag?post=2312"}],"curies":[{"name":"wp","href":"https:\/\/api.w.org\/{rel}","templated":true}]}}