{"id":2323,"date":"2022-05-25T16:10:34","date_gmt":"2022-05-25T08:10:34","guid":{"rendered":"https:\/\/www.tesswave.com\/?post_type=product&#038;p=2323"},"modified":"2025-06-19T19:29:34","modified_gmt":"2025-06-19T11:29:34","slug":"2-4-ghz-2dbi-dipole-wifi-antenna","status":"publish","type":"product","link":"https:\/\/www.tesswave.com\/pt\/product\/2-4-ghz-2dbi-dipole-wifi-antenna\/","title":{"rendered":"2.4GHz 2dBi Antena WiFi Dipolo RP SMA Externa"},"content":{"rendered":"<figure class=\"wp-block-table\"><table class=\"has-fixed-layout\"><tbody><tr><td><strong>Especifica\u00e7\u00f5es el\u00e9ctricas<\/strong><\/td><td><\/td><\/tr><tr><td>Frequ\u00eancia<\/td><td>2400-2500 MHz<\/td><\/tr><tr><td>Ganho<\/td><td>2 dBi<\/td><\/tr><tr><td>VSWR<\/td><td>&lt;1.5<\/td><\/tr><tr><td>Polariza\u00e7\u00e3o<\/td><td>Vertical<\/td><\/tr><tr><td>Largura do feixe horizontal<\/td><td>360\u00b0<\/td><\/tr><tr><td>Largura do feixe vertical<\/td><td>70\u00b0<\/td><\/tr><tr><td>Imped\u00e2ncia<\/td><td>50 ohms<\/td><\/tr><tr><td>M\u00e1x. Pot\u00eancia de entrada<\/td><td>100W<\/td><\/tr><tr><td>Prote\u00e7\u00e3o contra raios<\/td><td>Terra DC<\/td><\/tr><tr><td><strong>Especifica\u00e7\u00f5es mec\u00e2nicas<\/strong><\/td><td>&nbsp;<\/td><\/tr><tr><td>Conector<\/td><td>RP SMA macho<\/td><\/tr><tr><td>Dimens\u00e3o<\/td><td>80mm<\/td><\/tr><tr><td>Peso<\/td><td>50g<\/td><\/tr><tr><td>Taxa de velocidade do vento<\/td><td>210km\/h<\/td><\/tr><tr><td>Temperatura de funcionamento<\/td><td>-40\u2103 - +65\u2103<\/td><\/tr><\/tbody><\/table><\/figure>","protected":false},"author":1,"featured_media":4835,"menu_order":0,"template":"","meta":{"_acf_changed":true},"product_cat":[245,332,254],"product_tag":[],"class_list":["post-2323","product","type-product","status-publish","has-post-thumbnail","hentry","product_cat-rubber-duck-wifi-antennas","product_cat-2-4-ghz-antennas","product_cat-2-4-ghz-lora-antennas"],"acf":{"_sku":"TRF-2400-2V","product-image":[4835],"_price":"2","pdsms":null,"excerpt":"<ul>\r\n<li>Frequ\u00eancia: 2400-2500MHz para WiFi, Bluetooth<\/li>\r\n<li>cobertura omnidirecional<\/li>\r\n<li>conce\u00e7\u00e3o \u00e0 prova de \u00e1gua<\/li>\r\n<li>Alto desempenho<\/li>\r\n<li>Ideal para comunica\u00e7\u00e3o M2M co1TP14<\/li>\r\n<\/ul>","faqs":""},"_links":{"self":[{"href":"https:\/\/www.tesswave.com\/pt\/wp-json\/wp\/v2\/product\/2323","targetHints":{"allow":["GET"]}}],"collection":[{"href":"https:\/\/www.tesswave.com\/pt\/wp-json\/wp\/v2\/product"}],"about":[{"href":"https:\/\/www.tesswave.com\/pt\/wp-json\/wp\/v2\/types\/product"}],"author":[{"embeddable":true,"href":"https:\/\/www.tesswave.com\/pt\/wp-json\/wp\/v2\/users\/1"}],"acf:attachment":[{"embeddable":true,"href":"https:\/\/www.tesswave.com\/pt\/wp-json\/wp\/v2\/media\/4835"}],"wp:featuredmedia":[{"embeddable":true,"href":"https:\/\/www.tesswave.com\/pt\/wp-json\/wp\/v2\/media\/4835"}],"wp:attachment":[{"href":"https:\/\/www.tesswave.com\/pt\/wp-json\/wp\/v2\/media?parent=2323"}],"wp:term":[{"taxonomy":"product_cat","embeddable":true,"href":"https:\/\/www.tesswave.com\/pt\/wp-json\/wp\/v2\/product_cat?post=2323"},{"taxonomy":"product_tag","embeddable":true,"href":"https:\/\/www.tesswave.com\/pt\/wp-json\/wp\/v2\/product_tag?post=2323"}],"curies":[{"name":"wp","href":"https:\/\/api.w.org\/{rel}","templated":true}]}}