{"id":2332,"date":"2022-05-27T15:37:23","date_gmt":"2022-05-27T07:37:23","guid":{"rendered":"https:\/\/www.tesswave.com\/?post_type=product&#038;p=2332"},"modified":"2025-06-19T19:28:26","modified_gmt":"2025-06-19T11:28:26","slug":"915mhz-13dbi-2x2-mimo-sector-antenna","status":"publish","type":"product","link":"https:\/\/www.tesswave.com\/pt\/product\/915mhz-13dbi-2x2-mimo-sector-antenna\/","title":{"rendered":"Antena Sectorial MIMO 2\u00d72 MIMO de 13dBi 120\u00b0 a 915MHz"},"content":{"rendered":"<figure class=\"wp-block-table is-style-regular\"><table class=\"has-fixed-layout\"><tbody><tr><td><strong>Especifica\u00e7\u00f5es el\u00e9ctricas<\/strong><\/td><td>&nbsp;<\/td><\/tr><tr><td>Frequ\u00eancia-<\/td><td>902-928 MHz<\/td><\/tr><tr><td>Ganho<\/td><td>13 dBi<\/td><\/tr><tr><td>VSWR<\/td><td>&lt;1.5<\/td><\/tr><tr><td>Polariza\u00e7\u00e3o<\/td><td>\u00b145\u00b0<\/td><\/tr><tr><td>Largura do feixe horizontal<\/td><td>120\u00b0<\/td><\/tr><tr><td>Largura do feixe vertical<\/td><td>16\u00b0<\/td><\/tr><tr><td>R\u00e1cio F\/B<\/td><td>\u226523dB<\/td><\/tr><tr><td>Isolamento<\/td><td>\u226528dB<\/td><\/tr><tr><td>Imped\u00e2ncia<\/td><td>50 ohms<\/td><\/tr><tr><td>M\u00e1x. Pot\u00eancia de entrada<\/td><td>100W<\/td><\/tr><tr><td>Prote\u00e7\u00e3o contra raios<\/td><td>Terra DC<\/td><\/tr><tr><td><strong>Especifica\u00e7\u00f5es mec\u00e2nicas<\/strong><\/td><td>&nbsp;<\/td><\/tr><tr><td>Conector<\/td><td>2\u00d7N F\u00eamea<\/td><\/tr><tr><td>Dimens\u00e3o<\/td><td>1200\u00d7290\u00d7130mm<\/td><\/tr><tr><td>Peso<\/td><td>3kg<\/td><\/tr><tr><td>Montagem<\/td><td>Mastro \u00d840-\u00d860 mm<\/td><\/tr><tr><td>Material do radome<\/td><td>PVC resistente aos UV<\/td><\/tr><tr><td>Taxa de velocidade do vento<\/td><td>210km\/h<\/td><\/tr><tr><td>Temperatura de funcionamento<\/td><td>-40\u2103 - +65\u2103<\/td><\/tr><\/tbody><\/table><\/figure>","protected":false},"author":1,"featured_media":5044,"menu_order":0,"template":"","meta":{"_acf_changed":true},"product_cat":[131,330],"product_tag":[],"class_list":["post-2332","product","type-product","status-publish","has-post-thumbnail","hentry","product_cat-mimo-sector-antennas","product_cat-800-900-mhz-antennas"],"acf":{"_sku":"TSC-90930-13X120","product-image":[5044],"_price":"69","pdsms":null,"excerpt":"<ul>\r\n<li>Funciona na banda de frequ\u00eancia ISM 902-928MHz<\/li>\r\n<li>Adequado para aplica\u00e7\u00f5es LoRa, RFID, ISM, H\u00e9lio, etc.<\/li>\r\n<li>Ganho real de 13dBi para cada radiador<\/li>\r\n<li>Largura de feixe horizontal de 120 graus 3dB<\/li>\r\n<li>\u00b145\u00b0 de polariza\u00e7\u00e3o dupla<\/li>\r\n<li>Suportes de montagem resistentes<\/li>\r\n<li>Caixa da antena em PVC resistente com prote\u00e7\u00e3o UV<\/li>\r\n<li>Dimens\u00f5es: 1200\u00d7290\u00d7130mm<\/li>\r\n<li>Conector f\u00eamea 2\u00d7N<\/li>\r\n<\/ul>","faqs":""},"_links":{"self":[{"href":"https:\/\/www.tesswave.com\/pt\/wp-json\/wp\/v2\/product\/2332","targetHints":{"allow":["GET"]}}],"collection":[{"href":"https:\/\/www.tesswave.com\/pt\/wp-json\/wp\/v2\/product"}],"about":[{"href":"https:\/\/www.tesswave.com\/pt\/wp-json\/wp\/v2\/types\/product"}],"author":[{"embeddable":true,"href":"https:\/\/www.tesswave.com\/pt\/wp-json\/wp\/v2\/users\/1"}],"acf:attachment":[{"embeddable":true,"href":"https:\/\/www.tesswave.com\/pt\/wp-json\/wp\/v2\/media\/5044"}],"wp:featuredmedia":[{"embeddable":true,"href":"https:\/\/www.tesswave.com\/pt\/wp-json\/wp\/v2\/media\/5044"}],"wp:attachment":[{"href":"https:\/\/www.tesswave.com\/pt\/wp-json\/wp\/v2\/media?parent=2332"}],"wp:term":[{"taxonomy":"product_cat","embeddable":true,"href":"https:\/\/www.tesswave.com\/pt\/wp-json\/wp\/v2\/product_cat?post=2332"},{"taxonomy":"product_tag","embeddable":true,"href":"https:\/\/www.tesswave.com\/pt\/wp-json\/wp\/v2\/product_tag?post=2332"}],"curies":[{"name":"wp","href":"https:\/\/api.w.org\/{rel}","templated":true}]}}