{"id":2345,"date":"2022-05-27T16:02:36","date_gmt":"2022-05-27T08:02:36","guid":{"rendered":"https:\/\/www.tesswave.com\/?post_type=product&#038;p=2345"},"modified":"2025-06-19T19:19:52","modified_gmt":"2025-06-19T11:19:52","slug":"698-2700-mhz-4g-lte-sector-antenna","status":"publish","type":"product","link":"https:\/\/www.tesswave.com\/pt\/product\/698-2700-mhz-4g-lte-sector-antenna\/","title":{"rendered":"698-2700MHz 17dBi Antena setorial direcional LTE 2G\/3G\/4G"},"content":{"rendered":"<figure class=\"wp-block-table is-style-regular\"><table class=\"has-fixed-layout\"><tbody><tr><td><strong>Especifica\u00e7\u00f5es el\u00e9ctricas<\/strong><\/td><td>&nbsp;<\/td><td>&nbsp;<\/td><\/tr><tr><td>Frequ\u00eancia-MHz<\/td><td>698-960<\/td><td>1710-2700<\/td><\/tr><tr><td>Ganho-dBi<\/td><td>12<\/td><td>17<\/td><\/tr><tr><td>VSWR<\/td><td>&lt;2<\/td><td>&nbsp;<\/td><\/tr><tr><td>Polariza\u00e7\u00e3o<\/td><td>Vertical<\/td><td>&nbsp;<\/td><\/tr><tr><td>Largura do feixe horizontal<\/td><td>65\u00b0<\/td><td>&nbsp;<\/td><\/tr><tr><td>Largura do feixe vertical<\/td><td>32\u00b0<\/td><td>8\u00b0<\/td><\/tr><tr><td>R\u00e1cio F\/B<\/td><td>\u226525dB<\/td><td>&nbsp;<\/td><\/tr><tr><td>Imped\u00e2ncia<\/td><td>50 ohms<\/td><td>&nbsp;<\/td><\/tr><tr><td>M\u00e1x. Pot\u00eancia de entrada<\/td><td>100W<\/td><td>&nbsp;<\/td><\/tr><tr><td>Prote\u00e7\u00e3o contra raios<\/td><td>Terra DC<\/td><td>&nbsp;<\/td><\/tr><tr><td><strong>Especifica\u00e7\u00f5es mec\u00e2nicas<\/strong><\/td><td>&nbsp;<\/td><td>&nbsp;<\/td><\/tr><tr><td>Conector<\/td><td>N Feminino<\/td><td>&nbsp;<\/td><\/tr><tr><td>Dimens\u00e3o<\/td><td>1600\u00d7288\u00d7130mm<\/td><td>&nbsp;<\/td><\/tr><tr><td>Peso<\/td><td>4kg<\/td><td>&nbsp;<\/td><\/tr><tr><td>Montagem<\/td><td>Mastro \u00d840-\u00d860 mm<\/td><td>&nbsp;<\/td><\/tr><tr><td>Material do radome<\/td><td>PVC resistente aos UV<\/td><td>&nbsp;<\/td><\/tr><tr><td>Taxa de velocidade do vento<\/td><td>210km\/h<\/td><td>&nbsp;<\/td><\/tr><tr><td>Temperatura de funcionamento<\/td><td>-40\u2103 - +65\u2103<\/td><td>&nbsp;<\/td><\/tr><\/tbody><\/table><\/figure>","protected":false},"author":1,"featured_media":4902,"menu_order":0,"template":"","meta":{"_acf_changed":true},"product_cat":[87,337],"product_tag":[],"class_list":["post-2345","product","type-product","status-publish","has-post-thumbnail","hentry","product_cat-4g-lte-antennas","product_cat-698-2700-mhz-antennas"],"acf":{"_sku":"TSC-0727-17V65","product-image":[4902],"_price":"65","pdsms":null,"excerpt":"<ul>\r\n<li>Operado na banda de frequ\u00eancias 698-960\/1710-2700MHz<\/li>\r\n<li>Ideal para aplica\u00e7\u00f5es 2G\/3G\/4G LTE\/WiFi<\/li>\r\n<li>Largura de feixe horizontal de 65 graus 3db<\/li>\r\n<li>Ganho elevado True 12\/17dBi<\/li>\r\n<li>Instala\u00e7\u00e3o exterior em poste<\/li>\r\n<li>Suportes de montagem resistentes<\/li>\r\n<li>Caixa da antena em PVC resistente com prote\u00e7\u00e3o UV<\/li>\r\n<li>Dimens\u00f5es: 1600\u00d7288\u00d7130mm<\/li>\r\n<li>N Conector f\u00eamea<\/li>\r\n<\/ul>","faqs":""},"_links":{"self":[{"href":"https:\/\/www.tesswave.com\/pt\/wp-json\/wp\/v2\/product\/2345","targetHints":{"allow":["GET"]}}],"collection":[{"href":"https:\/\/www.tesswave.com\/pt\/wp-json\/wp\/v2\/product"}],"about":[{"href":"https:\/\/www.tesswave.com\/pt\/wp-json\/wp\/v2\/types\/product"}],"author":[{"embeddable":true,"href":"https:\/\/www.tesswave.com\/pt\/wp-json\/wp\/v2\/users\/1"}],"acf:attachment":[{"embeddable":true,"href":"https:\/\/www.tesswave.com\/pt\/wp-json\/wp\/v2\/media\/4902"}],"wp:featuredmedia":[{"embeddable":true,"href":"https:\/\/www.tesswave.com\/pt\/wp-json\/wp\/v2\/media\/4902"}],"wp:attachment":[{"href":"https:\/\/www.tesswave.com\/pt\/wp-json\/wp\/v2\/media?parent=2345"}],"wp:term":[{"taxonomy":"product_cat","embeddable":true,"href":"https:\/\/www.tesswave.com\/pt\/wp-json\/wp\/v2\/product_cat?post=2345"},{"taxonomy":"product_tag","embeddable":true,"href":"https:\/\/www.tesswave.com\/pt\/wp-json\/wp\/v2\/product_tag?post=2345"}],"curies":[{"name":"wp","href":"https:\/\/api.w.org\/{rel}","templated":true}]}}