{"id":2363,"date":"2022-05-27T21:10:13","date_gmt":"2022-05-27T13:10:13","guid":{"rendered":"https:\/\/www.tesswave.com\/?post_type=product&#038;p=2363"},"modified":"2025-06-19T19:17:00","modified_gmt":"2025-06-19T11:17:00","slug":"5ghz-13dbi-mimo-omnidirectional-antenna","status":"publish","type":"product","link":"https:\/\/www.tesswave.com\/pt\/product\/5ghz-13dbi-mimo-omnidirectional-antenna\/","title":{"rendered":"5GHz 13dBi Antena exterior omnidirecional MIMO de alto ganho"},"content":{"rendered":"<figure class=\"wp-block-table is-style-regular\"><table class=\"has-fixed-layout\"><tbody><tr><td><strong>Especifica\u00e7\u00f5es el\u00e9ctricas<\/strong><\/td><td><\/td><\/tr><tr><td>Frequ\u00eancia-MHz<\/td><td>5150-5850 <\/td><\/tr><tr><td>Ganho-dBi<\/td><td>13<\/td><\/tr><tr><td>VSWR<\/td><td>&lt;2<\/td><\/tr><tr><td>Polariza\u00e7\u00e3o<\/td><td>Horizontal e Vertical<\/td><\/tr><tr><td>Largura do feixe horizontal<\/td><td>360\u00b0<\/td><\/tr><tr><td>Largura do feixe vertical<\/td><td>7.5\u00b0<\/td><\/tr><tr><td>Imped\u00e2ncia-ohms<\/td><td>50<\/td><\/tr><tr><td>M\u00e1x. Pot\u00eancia de entrada-W<\/td><td>100<\/td><\/tr><tr><td>Prote\u00e7\u00e3o contra raios<\/td><td>Terra DC<\/td><\/tr><tr><td><strong>Especifica\u00e7\u00f5es mec\u00e2nicas<\/strong><\/td><td>&nbsp;<\/td><\/tr><tr><td>Conector<\/td><td>2\u00d7N F\u00eamea<\/td><\/tr><tr><td>Dimens\u00e3o-mm<\/td><td>\u00d884\u00d7600<\/td><\/tr><tr><td>Peso<\/td><td>0,7 kg<\/td><\/tr><tr><td>Montagem-mm<\/td><td>Mastro \u00d840-\u00d860<\/td><\/tr><tr><td>Material do radome<\/td><td>PVC resistente aos UV<\/td><\/tr><tr><td>Taxa de velocidade do vento<\/td><td>210km\/h<\/td><\/tr><tr><td>Temperatura de funcionamento<\/td><td>-40\u2103 - +65\u2103<\/td><\/tr><\/tbody><\/table><\/figure>","protected":false},"author":1,"featured_media":5127,"menu_order":0,"template":"","meta":{"_acf_changed":true},"product_cat":[247,334,242],"product_tag":[],"class_list":["post-2363","product","type-product","status-publish","has-post-thumbnail","hentry","product_cat-mimo-omni-antennas","product_cat-5-ghz-antennas","product_cat-omnidirectional-wifi-antennas"],"acf":{"_sku":"TOF-5158-13D","product-image":[5127],"_price":"49","pdsms":null,"excerpt":"<ul>\r\n<li>Frequ\u00eancia: 5150-5850MHz<\/li>\r\n<li>Ganho elevado para cada porta<\/li>\r\n<li>Dois elementos de antena independentes num radome de antena<\/li>\r\n<li>Polariza\u00e7\u00e3o dupla vertical e horizontal<\/li>\r\n<li>Instala\u00e7\u00e3o exterior em poste ou parede<\/li>\r\n<li>Radia\u00e7\u00e3o de sinal omnidirecional de 360\u00b0 para aplica\u00e7\u00f5es ponto a multiponto<\/li>\r\n<li>Caixa da antena em PVC resistente \u00e0s intemp\u00e9ries com prote\u00e7\u00e3o UV<\/li>\r\n<li>Conector f\u00eamea 2\u00d7N integrado<\/li>\r\n<\/ul>","faqs":""},"_links":{"self":[{"href":"https:\/\/www.tesswave.com\/pt\/wp-json\/wp\/v2\/product\/2363","targetHints":{"allow":["GET"]}}],"collection":[{"href":"https:\/\/www.tesswave.com\/pt\/wp-json\/wp\/v2\/product"}],"about":[{"href":"https:\/\/www.tesswave.com\/pt\/wp-json\/wp\/v2\/types\/product"}],"author":[{"embeddable":true,"href":"https:\/\/www.tesswave.com\/pt\/wp-json\/wp\/v2\/users\/1"}],"acf:attachment":[{"embeddable":true,"href":"https:\/\/www.tesswave.com\/pt\/wp-json\/wp\/v2\/media\/5127"}],"wp:featuredmedia":[{"embeddable":true,"href":"https:\/\/www.tesswave.com\/pt\/wp-json\/wp\/v2\/media\/5127"}],"wp:attachment":[{"href":"https:\/\/www.tesswave.com\/pt\/wp-json\/wp\/v2\/media?parent=2363"}],"wp:term":[{"taxonomy":"product_cat","embeddable":true,"href":"https:\/\/www.tesswave.com\/pt\/wp-json\/wp\/v2\/product_cat?post=2363"},{"taxonomy":"product_tag","embeddable":true,"href":"https:\/\/www.tesswave.com\/pt\/wp-json\/wp\/v2\/product_tag?post=2363"}],"curies":[{"name":"wp","href":"https:\/\/api.w.org\/{rel}","templated":true}]}}