{"id":2395,"date":"2022-05-28T09:08:07","date_gmt":"2022-05-28T01:08:07","guid":{"rendered":"https:\/\/www.tesswave.com\/?post_type=product&#038;p=2395"},"modified":"2025-06-19T19:13:17","modified_gmt":"2025-06-19T11:13:17","slug":"900-mhz-16dbi-directional-yagi-antenna","status":"publish","type":"product","link":"https:\/\/www.tesswave.com\/pt\/product\/900-mhz-16dbi-directional-yagi-antenna\/","title":{"rendered":"890-960MHz 16dBi Antena Yagi GSM direcional de alto ganho"},"content":{"rendered":"<figure class=\"wp-block-table is-style-regular\"><table class=\"has-fixed-layout\"><tbody><tr><td><strong>Especifica\u00e7\u00f5es el\u00e9ctricas<\/strong><\/td><td>&nbsp;<\/td><\/tr><tr><td>Frequ\u00eancia-MHz<\/td><td>890-960<\/td><\/tr><tr><td>Ganho-dBi<\/td><td>16<\/td><\/tr><tr><td>VSWR<\/td><td>&lt;1.5<\/td><\/tr><tr><td>Polariza\u00e7\u00e3o<\/td><td>Vertical<\/td><\/tr><tr><td>Largura do feixe horizontal<\/td><td>30\u00b0<\/td><\/tr><tr><td>Largura do feixe vertical<\/td><td>27\u00b0<\/td><\/tr><tr><td>R\u00e1cio F\/B<\/td><td>\u226518dB<\/td><\/tr><tr><td>Imped\u00e2ncia-ohms<\/td><td>50<\/td><\/tr><tr><td>M\u00e1x. Pot\u00eancia de entrada-W<\/td><td>100<\/td><\/tr><tr><td>Prote\u00e7\u00e3o contra raios<\/td><td>Terra DC<\/td><\/tr><tr><td><strong>Especifica\u00e7\u00f5es mec\u00e2nicas<\/strong><\/td><td>&nbsp;<\/td><\/tr><tr><td>Conector<\/td><td>N Feminino<\/td><\/tr><tr><td>Dimens\u00e3o-mm<\/td><td>1400\u00d7185\u00d755<\/td><\/tr><tr><td>Peso - kg<\/td><td>1.1 <\/td><\/tr><tr><td>Montagem-mm<\/td><td>Mastro \u00d840-\u00d860 <\/td><\/tr><tr><td>Taxa de velocidade do vento<\/td><td>210km\/h<\/td><\/tr><tr><td>Temperatura de funcionamento<\/td><td>-40\u2103 - +65\u2103<\/td><\/tr><\/tbody><\/table><\/figure>","protected":false},"author":1,"featured_media":5027,"menu_order":0,"template":"","meta":{"_acf_changed":true},"product_cat":[249,330],"product_tag":[],"class_list":["post-2395","product","type-product","status-publish","has-post-thumbnail","hentry","product_cat-2g-3g-yagi-antennas","product_cat-800-900-mhz-antennas"],"acf":{"_sku":"TYC-89960-16E","product-image":[5027],"_price":"18","pdsms":null,"excerpt":"<ul>\r\n<li>Gama de frequ\u00eancias: 824-960MHz<\/li>\r\n<li>Adequado para aplica\u00e7\u00f5es GSM, celulares, ISM, LoRa, Helium, etc.<\/li>\r\n<li>Radia\u00e7\u00e3o direcional de feixe estreito para liga\u00e7\u00e3o ponto a ponto<\/li>\r\n<li>Conector N f\u00eamea t\u00edpico com cabo de baixa perda 30cm RG58<\/li>\r\n<li>Instala\u00e7\u00e3o exterior em poste<\/li>\r\n<\/ul>","faqs":""},"_links":{"self":[{"href":"https:\/\/www.tesswave.com\/pt\/wp-json\/wp\/v2\/product\/2395","targetHints":{"allow":["GET"]}}],"collection":[{"href":"https:\/\/www.tesswave.com\/pt\/wp-json\/wp\/v2\/product"}],"about":[{"href":"https:\/\/www.tesswave.com\/pt\/wp-json\/wp\/v2\/types\/product"}],"author":[{"embeddable":true,"href":"https:\/\/www.tesswave.com\/pt\/wp-json\/wp\/v2\/users\/1"}],"acf:attachment":[{"embeddable":true,"href":"https:\/\/www.tesswave.com\/pt\/wp-json\/wp\/v2\/media\/5027"}],"wp:featuredmedia":[{"embeddable":true,"href":"https:\/\/www.tesswave.com\/pt\/wp-json\/wp\/v2\/media\/5027"}],"wp:attachment":[{"href":"https:\/\/www.tesswave.com\/pt\/wp-json\/wp\/v2\/media?parent=2395"}],"wp:term":[{"taxonomy":"product_cat","embeddable":true,"href":"https:\/\/www.tesswave.com\/pt\/wp-json\/wp\/v2\/product_cat?post=2395"},{"taxonomy":"product_tag","embeddable":true,"href":"https:\/\/www.tesswave.com\/pt\/wp-json\/wp\/v2\/product_tag?post=2395"}],"curies":[{"name":"wp","href":"https:\/\/api.w.org\/{rel}","templated":true}]}}