{"id":2398,"date":"2022-05-28T09:12:48","date_gmt":"2022-05-28T01:12:48","guid":{"rendered":"https:\/\/www.tesswave.com\/?post_type=product&#038;p=2398"},"modified":"2025-06-19T19:12:57","modified_gmt":"2025-06-19T11:12:57","slug":"900mhz-14dbi-directional-gsm-yagi-antenna","status":"publish","type":"product","link":"https:\/\/www.tesswave.com\/pt\/product\/900mhz-14dbi-directional-gsm-yagi-antenna\/","title":{"rendered":"890-960MHz 14dBi Antena Yagi GSM direcional para exterior"},"content":{"rendered":"<figure class=\"wp-block-table is-style-regular\"><table class=\"has-fixed-layout\"><tbody><tr><td><strong>Especifica\u00e7\u00f5es el\u00e9ctricas<\/strong><\/td><td>&nbsp;<\/td><\/tr><tr><td>Frequ\u00eancia<\/td><td>890-960 MHz<\/td><\/tr><tr><td>Ganho<\/td><td>14 dBi<\/td><\/tr><tr><td>VSWR<\/td><td>&lt;1.5<\/td><\/tr><tr><td>Polariza\u00e7\u00e3o<\/td><td>Vertical<\/td><\/tr><tr><td>Largura do feixe horizontal<\/td><td>31\u00b0<\/td><\/tr><tr><td>Largura do feixe vertical<\/td><td>29\u00b0<\/td><\/tr><tr><td>R\u00e1cio F\/B<\/td><td>\u226516dB<\/td><\/tr><tr><td>Imped\u00e2ncia<\/td><td>50 ohms<\/td><\/tr><tr><td>M\u00e1x. Pot\u00eancia de entrada<\/td><td>100W<\/td><\/tr><tr><td>Prote\u00e7\u00e3o contra raios<\/td><td>Terra DC<\/td><\/tr><tr><td><strong>Especifica\u00e7\u00f5es mec\u00e2nicas<\/strong><\/td><td>&nbsp;<\/td><\/tr><tr><td>Conector<\/td><td>N Feminino<\/td><\/tr><tr><td>Dimens\u00e3o<\/td><td>1080\u00d7185\u00d755mm<\/td><\/tr><tr><td>Peso<\/td><td>0,8 kg<\/td><\/tr><tr><td>Montagem<\/td><td>Mastro \u00d840-\u00d860 mm<\/td><\/tr><tr><td>Taxa de velocidade do vento<\/td><td>210km\/h<\/td><\/tr><tr><td>Temperatura de funcionamento<\/td><td>-40\u2103 - +65\u2103<\/td><\/tr><\/tbody><\/table><\/figure>","protected":false},"author":1,"featured_media":4893,"menu_order":0,"template":"","meta":{"_acf_changed":true},"product_cat":[249,330],"product_tag":[],"class_list":["post-2398","product","type-product","status-publish","has-post-thumbnail","hentry","product_cat-2g-3g-yagi-antennas","product_cat-800-900-mhz-antennas"],"acf":{"_sku":"TYC-89960-14E","product-image":[4893],"_price":"16","pdsms":null,"excerpt":"<ul>\r\n<li>Gama de frequ\u00eancias: 890-960MHz<\/li>\r\n<li>14dBi de alto ganho<\/li>\r\n<li>Adequado para aplica\u00e7\u00f5es GSM, celulares, ISM, LoRa, Helium, etc.<\/li>\r\n<li>Radia\u00e7\u00e3o direcional de feixe estreito para liga\u00e7\u00e3o ponto a ponto<\/li>\r\n<li>Conector N f\u00eamea t\u00edpico com cabo de baixa perda 30cm RG58<\/li>\r\n<li>Instala\u00e7\u00e3o exterior em poste<\/li>\r\n<\/ul>","faqs":""},"_links":{"self":[{"href":"https:\/\/www.tesswave.com\/pt\/wp-json\/wp\/v2\/product\/2398","targetHints":{"allow":["GET"]}}],"collection":[{"href":"https:\/\/www.tesswave.com\/pt\/wp-json\/wp\/v2\/product"}],"about":[{"href":"https:\/\/www.tesswave.com\/pt\/wp-json\/wp\/v2\/types\/product"}],"author":[{"embeddable":true,"href":"https:\/\/www.tesswave.com\/pt\/wp-json\/wp\/v2\/users\/1"}],"acf:attachment":[{"embeddable":true,"href":"https:\/\/www.tesswave.com\/pt\/wp-json\/wp\/v2\/media\/4893"}],"wp:featuredmedia":[{"embeddable":true,"href":"https:\/\/www.tesswave.com\/pt\/wp-json\/wp\/v2\/media\/4893"}],"wp:attachment":[{"href":"https:\/\/www.tesswave.com\/pt\/wp-json\/wp\/v2\/media?parent=2398"}],"wp:term":[{"taxonomy":"product_cat","embeddable":true,"href":"https:\/\/www.tesswave.com\/pt\/wp-json\/wp\/v2\/product_cat?post=2398"},{"taxonomy":"product_tag","embeddable":true,"href":"https:\/\/www.tesswave.com\/pt\/wp-json\/wp\/v2\/product_tag?post=2398"}],"curies":[{"name":"wp","href":"https:\/\/api.w.org\/{rel}","templated":true}]}}