{"id":2404,"date":"2022-05-28T09:17:56","date_gmt":"2022-05-28T01:17:56","guid":{"rendered":"https:\/\/www.tesswave.com\/?post_type=product&#038;p=2404"},"modified":"2025-06-19T19:12:14","modified_gmt":"2025-06-19T11:12:14","slug":"800-900-mhz-12dbi-directional-yagi-antenna","status":"publish","type":"product","link":"https:\/\/www.tesswave.com\/pt\/product\/800-900-mhz-12dbi-directional-yagi-antenna\/","title":{"rendered":"824-960MHz Antena Yagi direcional 12dBi"},"content":{"rendered":"<figure class=\"wp-block-table is-style-regular\"><table class=\"has-fixed-layout\"><tbody><tr><td><strong>Especifica\u00e7\u00f5es el\u00e9ctricas<\/strong><\/td><td>&nbsp;<\/td><\/tr><tr><td>Frequ\u00eancia<\/td><td>824-960 MHz<\/td><\/tr><tr><td>Ganho<\/td><td>12 dBi<\/td><\/tr><tr><td>VSWR<\/td><td>&lt;1.5<\/td><\/tr><tr><td>Polariza\u00e7\u00e3o<\/td><td>Vertical<\/td><\/tr><tr><td>Largura do feixe horizontal<\/td><td>45\u00b0<\/td><\/tr><tr><td>Largura do feixe vertical<\/td><td>44\u00b0<\/td><\/tr><tr><td>R\u00e1cio F\/B<\/td><td>\u226515dB<\/td><\/tr><tr><td>Imped\u00e2ncia<\/td><td>50 ohms<\/td><\/tr><tr><td>M\u00e1x. Pot\u00eancia de entrada<\/td><td>100W<\/td><\/tr><tr><td>Prote\u00e7\u00e3o contra raios<\/td><td>Terra DC<\/td><\/tr><tr><td><strong>Especifica\u00e7\u00f5es mec\u00e2nicas<\/strong><\/td><td>&nbsp;<\/td><\/tr><tr><td>Conector<\/td><td>N Feminino<\/td><\/tr><tr><td>Dimens\u00e3o<\/td><td>870\u00d7185\u00d755 mm<\/td><\/tr><tr><td>Peso<\/td><td>0,7 kg<\/td><\/tr><tr><td>Montagem<\/td><td>Mastro \u00d840-\u00d860 mm<\/td><\/tr><tr><td>Taxa de velocidade do vento<\/td><td>210km\/h<\/td><\/tr><tr><td>Temperatura de funcionamento<\/td><td>-40\u2103 - +65\u2103<\/td><\/tr><\/tbody><\/table><\/figure>","protected":false},"author":1,"featured_media":5023,"menu_order":0,"template":"","meta":{"_acf_changed":true},"product_cat":[249,330],"product_tag":[],"class_list":["post-2404","product","type-product","status-publish","has-post-thumbnail","hentry","product_cat-2g-3g-yagi-antennas","product_cat-800-900-mhz-antennas"],"acf":{"_sku":"TYC-82960-12E","product-image":[5023],"_price":"13","pdsms":null,"excerpt":"<ul>\r\n<li>Gama de frequ\u00eancias: 824-960MHz<\/li>\r\n<li>12dBi de alto ganho<\/li>\r\n<li>Adequado para aplica\u00e7\u00f5es GSM, celulares, ISM, LoRa, Helium, etc.<\/li>\r\n<li>Radia\u00e7\u00e3o direcional de feixe estreito para liga\u00e7\u00e3o ponto a ponto<\/li>\r\n<li>Conector N f\u00eamea t\u00edpico com cabo de baixa perda 30cm RG58<\/li>\r\n<li>Instala\u00e7\u00e3o exterior em poste<\/li>\r\n<\/ul>","faqs":""},"_links":{"self":[{"href":"https:\/\/www.tesswave.com\/pt\/wp-json\/wp\/v2\/product\/2404","targetHints":{"allow":["GET"]}}],"collection":[{"href":"https:\/\/www.tesswave.com\/pt\/wp-json\/wp\/v2\/product"}],"about":[{"href":"https:\/\/www.tesswave.com\/pt\/wp-json\/wp\/v2\/types\/product"}],"author":[{"embeddable":true,"href":"https:\/\/www.tesswave.com\/pt\/wp-json\/wp\/v2\/users\/1"}],"acf:attachment":[{"embeddable":true,"href":"https:\/\/www.tesswave.com\/pt\/wp-json\/wp\/v2\/media\/5023"}],"wp:featuredmedia":[{"embeddable":true,"href":"https:\/\/www.tesswave.com\/pt\/wp-json\/wp\/v2\/media\/5023"}],"wp:attachment":[{"href":"https:\/\/www.tesswave.com\/pt\/wp-json\/wp\/v2\/media?parent=2404"}],"wp:term":[{"taxonomy":"product_cat","embeddable":true,"href":"https:\/\/www.tesswave.com\/pt\/wp-json\/wp\/v2\/product_cat?post=2404"},{"taxonomy":"product_tag","embeddable":true,"href":"https:\/\/www.tesswave.com\/pt\/wp-json\/wp\/v2\/product_tag?post=2404"}],"curies":[{"name":"wp","href":"https:\/\/api.w.org\/{rel}","templated":true}]}}