{"id":2426,"date":"2022-05-30T14:42:54","date_gmt":"2022-05-30T06:42:54","guid":{"rendered":"https:\/\/www.tesswave.com\/?post_type=product&#038;p=2426"},"modified":"2025-06-19T19:07:12","modified_gmt":"2025-06-19T11:07:12","slug":"800-900-mhz-8dbi-outdoor-omnidirectional-antenna","status":"publish","type":"product","link":"https:\/\/www.tesswave.com\/pt\/product\/800-900-mhz-8dbi-outdoor-omnidirectional-antenna\/","title":{"rendered":"824-960MHz 8dBi Antena exterior omnidirecional de fibra de vidro de alto ganho"},"content":{"rendered":"<figure class=\"wp-block-table is-style-regular\"><table class=\"has-fixed-layout\"><tbody><tr><td><strong>Especifica\u00e7\u00f5es el\u00e9ctricas<\/strong><\/td><td>&nbsp;<\/td><\/tr><tr><td>Frequ\u00eancia-MHz<\/td><td>824-960<\/td><\/tr><tr><td>Ganho-dBi<\/td><td>8<\/td><\/tr><tr><td>VSWR<\/td><td>&lt;1.8<\/td><\/tr><tr><td>Polariza\u00e7\u00e3o<\/td><td>Vertical<\/td><\/tr><tr><td>Largura do feixe horizontal<\/td><td>360\u00b0<\/td><\/tr><tr><td>Largura do feixe vertical<\/td><td>16\u00b0<\/td><\/tr><tr><td>Imped\u00e2ncia-ohms<\/td><td>50<\/td><\/tr><tr><td>M\u00e1x. Pot\u00eancia de entrada-W<\/td><td>100<\/td><\/tr><tr><td>Prote\u00e7\u00e3o contra raios<\/td><td>Terra DC<\/td><\/tr><tr><td><strong>Especifica\u00e7\u00f5es mec\u00e2nicas<\/strong><\/td><td>&nbsp;<\/td><\/tr><tr><td>Conector<\/td><td>N Feminino<\/td><\/tr><tr><td>Dimens\u00e3o-mm<\/td><td>\u00d825\u00d71540<\/td><\/tr><tr><td>Peso - kg<\/td><td>0.9<\/td><\/tr><tr><td>Montagem-mm<\/td><td>Mastro \u00d840-\u00d860<\/td><\/tr><tr><td>Material do radome<\/td><td>Fibra de vidro (branco)<\/td><\/tr><tr><td>Taxa de velocidade do vento<\/td><td>210km\/h<\/td><\/tr><tr><td>Temperatura de funcionamento<\/td><td>-40\u2103 - +65\u2103<\/td><\/tr><\/tbody><\/table><\/figure>","protected":false},"author":1,"featured_media":4989,"menu_order":0,"template":"","meta":{"_acf_changed":true},"product_cat":[250,330],"product_tag":[],"class_list":["post-2426","product","type-product","status-publish","has-post-thumbnail","hentry","product_cat-2g-3g-omnidirectional-antennas","product_cat-800-900-mhz-antennas"],"acf":{"_sku":"TOF-82960-8V","product-image":[4989],"_price":"29","pdsms":null,"excerpt":"<ul>\r\n<li>Operado na banda de frequ\u00eancia 806-960MHz<\/li>\r\n<li>Adequado para aplica\u00e7\u00f5es celulares, LoRa, RFID, ISM, H\u00e9lio, etc.<\/li>\r\n<li>Radia\u00e7\u00e3o omnidirecional para cobertura de sinal exterior de 360 graus<\/li>\r\n<li>Instala\u00e7\u00e3o exterior em poste<\/li>\r\n<li>Caixa da antena em fibra de vidro resistente \u00e0s intemp\u00e9ries<\/li>\r\n<li>Conector N f\u00eamea t\u00edpico<\/li>\r\n<\/ul>","faqs":""},"_links":{"self":[{"href":"https:\/\/www.tesswave.com\/pt\/wp-json\/wp\/v2\/product\/2426","targetHints":{"allow":["GET"]}}],"collection":[{"href":"https:\/\/www.tesswave.com\/pt\/wp-json\/wp\/v2\/product"}],"about":[{"href":"https:\/\/www.tesswave.com\/pt\/wp-json\/wp\/v2\/types\/product"}],"author":[{"embeddable":true,"href":"https:\/\/www.tesswave.com\/pt\/wp-json\/wp\/v2\/users\/1"}],"acf:attachment":[{"embeddable":true,"href":"https:\/\/www.tesswave.com\/pt\/wp-json\/wp\/v2\/media\/4989"}],"wp:featuredmedia":[{"embeddable":true,"href":"https:\/\/www.tesswave.com\/pt\/wp-json\/wp\/v2\/media\/4989"}],"wp:attachment":[{"href":"https:\/\/www.tesswave.com\/pt\/wp-json\/wp\/v2\/media?parent=2426"}],"wp:term":[{"taxonomy":"product_cat","embeddable":true,"href":"https:\/\/www.tesswave.com\/pt\/wp-json\/wp\/v2\/product_cat?post=2426"},{"taxonomy":"product_tag","embeddable":true,"href":"https:\/\/www.tesswave.com\/pt\/wp-json\/wp\/v2\/product_tag?post=2426"}],"curies":[{"name":"wp","href":"https:\/\/api.w.org\/{rel}","templated":true}]}}