{"id":2459,"date":"2022-05-30T17:14:42","date_gmt":"2022-05-30T09:14:42","guid":{"rendered":"https:\/\/www.tesswave.com\/?post_type=product&#038;p=2459"},"modified":"2025-06-19T19:03:16","modified_gmt":"2025-06-19T11:03:16","slug":"outdoor-4g-lte-log-periodic-antenna","status":"publish","type":"product","link":"https:\/\/www.tesswave.com\/pt\/product\/outdoor-4g-lte-log-periodic-antenna\/","title":{"rendered":"Antena exterior peri\u00f3dica l\u00f3gica de alto ganho 2G\/3G\/4G LTE 698-2700MHz 11dBi"},"content":{"rendered":"<figure class=\"wp-block-table is-style-regular\"><table class=\"has-fixed-layout\"><tbody><tr><td><strong>Especifica\u00e7\u00f5es el\u00e9ctricas<\/strong><\/td><td>&nbsp;<\/td><\/tr><tr><td>Frequ\u00eancia - MHz<\/td><td>698-960\/1710-2700<\/td><\/tr><tr><td>Ganho-dBi<\/td><td>10\/11<\/td><\/tr><tr><td>VSWR<\/td><td>&lt;1.5<\/td><\/tr><tr><td>Polariza\u00e7\u00e3o<\/td><td>Vertical ou horizontal<\/td><\/tr><tr><td>Largura do feixe horizontal<\/td><td>58\u00b0\/52\u00b0<\/td><\/tr><tr><td>Largura do feixe vertical<\/td><td>52\u00b0\/48\u00b0<\/td><\/tr><tr><td>Imped\u00e2ncia-ohms<\/td><td>50 <\/td><\/tr><tr><td>M\u00e1x. Pot\u00eancia de entrada-W<\/td><td>100<\/td><\/tr><tr><td>Prote\u00e7\u00e3o contra raios<\/td><td>Terra DC<\/td><\/tr><tr><td><strong>Especifica\u00e7\u00f5es mec\u00e2nicas<\/strong><\/td><td>&nbsp;<\/td><\/tr><tr><td>Conector<\/td><td>N Feminino<\/td><\/tr><tr><td>Dimens\u00e3o-mm<\/td><td>460\u00d7207\u00d765<\/td><\/tr><tr><td>Peso - kg<\/td><td>0.9<\/td><\/tr><tr><td>Montagem-mm<\/td><td>Mastro \u00d840-\u00d860 <\/td><\/tr><tr><td>Material do radome<\/td><td>ABS<\/td><\/tr><tr><td>Taxa de velocidade do vento<\/td><td>210km\/h<\/td><\/tr><tr><td>Temperatura de funcionamento<\/td><td>-40\u2103 - +65\u2103<\/td><\/tr><\/tbody><\/table><\/figure>","protected":false},"author":1,"featured_media":5080,"menu_order":0,"template":"","meta":{"_acf_changed":true},"product_cat":[87,337],"product_tag":[],"class_list":["post-2459","product","type-product","status-publish","has-post-thumbnail","hentry","product_cat-4g-lte-antennas","product_cat-698-2700-mhz-antennas"],"acf":{"_sku":"TLC-0727-11E","product-image":[5080],"_price":"12","pdsms":null,"excerpt":"<ul>\r\n<li>Operado na banda 698-960\/1710-2700MHz para repetidores\/boosters 2G\/3G\/4G<\/li>\r\n<li>Design de alto ganho<\/li>\r\n<li>Antena direcional para aplica\u00e7\u00f5es ponto a ponto m\u00faltiplo<\/li>\r\n<li>Instala\u00e7\u00e3o exterior em poste<\/li>\r\n<li>Caixa da antena em ABS resistente com prote\u00e7\u00e3o UV<\/li>\r\n<li>N Conector f\u00eamea ou outras op\u00e7\u00f5es<\/li>\r\n<\/ul>","faqs":""},"_links":{"self":[{"href":"https:\/\/www.tesswave.com\/pt\/wp-json\/wp\/v2\/product\/2459","targetHints":{"allow":["GET"]}}],"collection":[{"href":"https:\/\/www.tesswave.com\/pt\/wp-json\/wp\/v2\/product"}],"about":[{"href":"https:\/\/www.tesswave.com\/pt\/wp-json\/wp\/v2\/types\/product"}],"author":[{"embeddable":true,"href":"https:\/\/www.tesswave.com\/pt\/wp-json\/wp\/v2\/users\/1"}],"acf:attachment":[{"embeddable":true,"href":"https:\/\/www.tesswave.com\/pt\/wp-json\/wp\/v2\/media\/5080"}],"wp:featuredmedia":[{"embeddable":true,"href":"https:\/\/www.tesswave.com\/pt\/wp-json\/wp\/v2\/media\/5080"}],"wp:attachment":[{"href":"https:\/\/www.tesswave.com\/pt\/wp-json\/wp\/v2\/media?parent=2459"}],"wp:term":[{"taxonomy":"product_cat","embeddable":true,"href":"https:\/\/www.tesswave.com\/pt\/wp-json\/wp\/v2\/product_cat?post=2459"},{"taxonomy":"product_tag","embeddable":true,"href":"https:\/\/www.tesswave.com\/pt\/wp-json\/wp\/v2\/product_tag?post=2459"}],"curies":[{"name":"wp","href":"https:\/\/api.w.org\/{rel}","templated":true}]}}