{"id":2465,"date":"2022-05-30T17:30:29","date_gmt":"2022-05-30T09:30:29","guid":{"rendered":"https:\/\/www.tesswave.com\/?post_type=product&#038;p=2465"},"modified":"2025-06-19T19:01:43","modified_gmt":"2025-06-19T11:01:43","slug":"outdoor-wideband-omnidirectional-4g-lte-antenna","status":"publish","type":"product","link":"https:\/\/www.tesswave.com\/pt\/product\/outdoor-wideband-omnidirectional-4g-lte-antenna\/","title":{"rendered":"Antena exterior omnidirecional 2G\/3G\/4G LTE de banda larga 698-2700MHz"},"content":{"rendered":"<figure class=\"wp-block-table is-style-regular\"><table class=\"has-fixed-layout\"><tbody><tr><td><strong>Especifica\u00e7\u00f5es el\u00e9ctricas<\/strong><\/td><td>&nbsp;<\/td><\/tr><tr><td>Frequ\u00eancia-MHz<\/td><td>698-960\/1710-2700<\/td><\/tr><tr><td>Ganho-dBi<\/td><td>2-3\/3-4<\/td><\/tr><tr><td>VSWR<\/td><td>&lt;1.8<\/td><\/tr><tr><td>Polariza\u00e7\u00e3o<\/td><td>Vertical<\/td><\/tr><tr><td>Largura do feixe horizontal<\/td><td>360\u00b0<\/td><\/tr><tr><td>Largura do feixe vertical<\/td><td>70\u00b0\/60\u00b0<\/td><\/tr><tr><td>Imped\u00e2ncia-ohms<\/td><td>50 <\/td><\/tr><tr><td>M\u00e1x. Pot\u00eancia de entrada-W<\/td><td>100<\/td><\/tr><tr><td>Prote\u00e7\u00e3o contra raios<\/td><td>Terra DC<\/td><\/tr><tr><td><strong>Especifica\u00e7\u00f5es mec\u00e2nicas<\/strong><\/td><td>&nbsp;<\/td><\/tr><tr><td>Conector<\/td><td>N Feminino<\/td><\/tr><tr><td>Dimens\u00e3o-mm<\/td><td><a>99<\/a>\u00d799\u00d7241 <\/td><\/tr><tr><td>Peso - kg<\/td><td>0.5 <\/td><\/tr><tr><td>Montagem-mm<\/td><td>Mastro \u00d840-\u00d860<\/td><\/tr><tr><td>Material do radome<\/td><td>ABS<\/td><\/tr><tr><td>Taxa de velocidade do vento<\/td><td>210km\/h<\/td><\/tr><tr><td>Temperatura de funcionamento<\/td><td>-40\u2103 - +65\u2103<\/td><\/tr><\/tbody><\/table><\/figure>\n\n\n\n<p><\/p>","protected":false},"author":1,"featured_media":5076,"menu_order":0,"template":"","meta":{"_acf_changed":true},"product_cat":[87,337,147],"product_tag":[],"class_list":["post-2465","product","type-product","status-publish","has-post-thumbnail","hentry","product_cat-4g-lte-antennas","product_cat-698-2700-mhz-antennas","product_cat-das-antennas"],"acf":{"_sku":"TOF-0727-4V","product-image":[5076],"_price":"14","pdsms":null,"excerpt":"<ul>\r\n<li>Funciona na banda 698-960\/1710-2700MHz para repetidor\/refor\u00e7o 2G\/3G\/4G<\/li>\r\n<li>\u00c9 uma antena omnidirecional<\/li>\r\n<li>Instala\u00e7\u00e3o exterior em poste<\/li>\r\n<li>Caixa da antena em ABS resistente com prote\u00e7\u00e3o UV<\/li>\r\n<li>N Conector f\u00eamea na parte inferior da antena<\/li>\r\n<li>IP55 resistente \u00e0 chuva e ao p\u00f3<\/li>\r\n<\/ul>","faqs":""},"_links":{"self":[{"href":"https:\/\/www.tesswave.com\/pt\/wp-json\/wp\/v2\/product\/2465","targetHints":{"allow":["GET"]}}],"collection":[{"href":"https:\/\/www.tesswave.com\/pt\/wp-json\/wp\/v2\/product"}],"about":[{"href":"https:\/\/www.tesswave.com\/pt\/wp-json\/wp\/v2\/types\/product"}],"author":[{"embeddable":true,"href":"https:\/\/www.tesswave.com\/pt\/wp-json\/wp\/v2\/users\/1"}],"acf:attachment":[{"embeddable":true,"href":"https:\/\/www.tesswave.com\/pt\/wp-json\/wp\/v2\/media\/5076"}],"wp:featuredmedia":[{"embeddable":true,"href":"https:\/\/www.tesswave.com\/pt\/wp-json\/wp\/v2\/media\/5076"}],"wp:attachment":[{"href":"https:\/\/www.tesswave.com\/pt\/wp-json\/wp\/v2\/media?parent=2465"}],"wp:term":[{"taxonomy":"product_cat","embeddable":true,"href":"https:\/\/www.tesswave.com\/pt\/wp-json\/wp\/v2\/product_cat?post=2465"},{"taxonomy":"product_tag","embeddable":true,"href":"https:\/\/www.tesswave.com\/pt\/wp-json\/wp\/v2\/product_tag?post=2465"}],"curies":[{"name":"wp","href":"https:\/\/api.w.org\/{rel}","templated":true}]}}