{"id":2471,"date":"2022-05-30T17:48:01","date_gmt":"2022-05-30T09:48:01","guid":{"rendered":"https:\/\/www.tesswave.com\/?post_type=product&#038;p=2471"},"modified":"2025-06-19T18:49:35","modified_gmt":"2025-06-19T10:49:35","slug":"2g-3g-4g-indoor-wall-mount-panel-antenna","status":"publish","type":"product","link":"https:\/\/www.tesswave.com\/pt\/product\/2g-3g-4g-indoor-wall-mount-panel-antenna\/","title":{"rendered":"Antena de painel direcional 2G\/3G\/4G LTE interior de montagem na parede 698-2700MHz"},"content":{"rendered":"<figure class=\"wp-block-table is-style-regular\"><table class=\"has-fixed-layout\"><tbody><tr><td><strong>Especifica\u00e7\u00f5es el\u00e9ctricas<\/strong><\/td><td>&nbsp;<\/td><td>&nbsp;<\/td><\/tr><tr><td>Frequ\u00eancia-MHz<\/td><td>698-960<\/td><td>1710-2700<\/td><\/tr><tr><td>Ganho-dBi<\/td><td>7<\/td><td>8<\/td><\/tr><tr><td>VSWR<\/td><td>&lt;2<\/td><td>&lt;1.5<\/td><\/tr><tr><td>Polariza\u00e7\u00e3o<\/td><td>Vertical<\/td><td>&nbsp;<\/td><\/tr><tr><td>Largura do feixe horizontal<\/td><td>55\u00b0<\/td><td>50\u00b0<\/td><\/tr><tr><td>Largura do feixe vertical<\/td><td>70\u00b0<\/td><td>60\u00b0<\/td><\/tr><tr><td>Imped\u00e2ncia<\/td><td>50 ohms<\/td><td>&nbsp;<\/td><\/tr><tr><td>M\u00e1x. Pot\u00eancia de entrada<\/td><td>100W<\/td><td>&nbsp;<\/td><\/tr><tr><td>Prote\u00e7\u00e3o contra raios<\/td><td>Terra DC<\/td><td>&nbsp;<\/td><\/tr><tr><td><strong>Especifica\u00e7\u00f5es mec\u00e2nicas<\/strong><\/td><td>&nbsp;<\/td><td>&nbsp;<\/td><\/tr><tr><td>Conector<\/td><td>N Feminino<\/td><td>&nbsp;<\/td><\/tr><tr><td>Dimens\u00e3o<\/td><td>165\u00d7155\u00d745 mm<\/td><td>&nbsp;<\/td><\/tr><tr><td>Peso<\/td><td>0,5 kg<\/td><td>&nbsp;<\/td><\/tr><tr><td>Montagem<\/td><td>Mastro \u00d840-\u00d860 mm<\/td><td>&nbsp;<\/td><\/tr><tr><td>Material do radome<\/td><td>ABS<\/td><td>&nbsp;<\/td><\/tr><tr><td>Taxa de velocidade do vento<\/td><td>210km\/h<\/td><td>&nbsp;<\/td><\/tr><tr><td>Temperatura de funcionamento<\/td><td>-40\u2103 - +65\u2103<\/td><td>&nbsp;<\/td><\/tr><\/tbody><\/table><\/figure>","protected":false},"author":1,"featured_media":4846,"menu_order":0,"template":"","meta":{"_acf_changed":true},"product_cat":[87,337,147],"product_tag":[],"class_list":["post-2471","product","type-product","status-publish","has-post-thumbnail","hentry","product_cat-4g-lte-antennas","product_cat-698-2700-mhz-antennas","product_cat-das-antennas"],"acf":{"_sku":"TPC-0727-8V","product-image":[4846],"_price":"6.5","pdsms":null,"excerpt":"<ul>\r\n<li>Operado na banda 698-960\/1710-2700MHz para repetidores\/boosters 2G\/3G\/4G<\/li>\r\n<li>Antena direcional de alto ganho True 8dBi<\/li>\r\n<li>Instala\u00e7\u00e3o de montagem na parede para interior<\/li>\r\n<li>Caixa da antena em ABS resistente com prote\u00e7\u00e3o UV<\/li>\r\n<li>Dimens\u00f5es: 165\u00d7155\u00d745 mm<\/li>\r\n<li>Cabo RG58 de 30 cm com um conetor N f\u00eamea<\/li>\r\n<\/ul>","faqs":""},"_links":{"self":[{"href":"https:\/\/www.tesswave.com\/pt\/wp-json\/wp\/v2\/product\/2471","targetHints":{"allow":["GET"]}}],"collection":[{"href":"https:\/\/www.tesswave.com\/pt\/wp-json\/wp\/v2\/product"}],"about":[{"href":"https:\/\/www.tesswave.com\/pt\/wp-json\/wp\/v2\/types\/product"}],"author":[{"embeddable":true,"href":"https:\/\/www.tesswave.com\/pt\/wp-json\/wp\/v2\/users\/1"}],"acf:attachment":[{"embeddable":true,"href":"https:\/\/www.tesswave.com\/pt\/wp-json\/wp\/v2\/media\/4846"}],"wp:featuredmedia":[{"embeddable":true,"href":"https:\/\/www.tesswave.com\/pt\/wp-json\/wp\/v2\/media\/4846"}],"wp:attachment":[{"href":"https:\/\/www.tesswave.com\/pt\/wp-json\/wp\/v2\/media?parent=2471"}],"wp:term":[{"taxonomy":"product_cat","embeddable":true,"href":"https:\/\/www.tesswave.com\/pt\/wp-json\/wp\/v2\/product_cat?post=2471"},{"taxonomy":"product_tag","embeddable":true,"href":"https:\/\/www.tesswave.com\/pt\/wp-json\/wp\/v2\/product_tag?post=2471"}],"curies":[{"name":"wp","href":"https:\/\/api.w.org\/{rel}","templated":true}]}}