{"id":2569,"date":"2022-05-31T17:22:52","date_gmt":"2022-05-31T09:22:52","guid":{"rendered":"https:\/\/www.tesswave.com\/?post_type=product&#038;p=2569"},"modified":"2025-06-19T18:25:32","modified_gmt":"2025-06-19T10:25:32","slug":"868-915-mhz-12dbi-directional-sector-antenna","status":"publish","type":"product","link":"https:\/\/www.tesswave.com\/pt\/product\/868-915-mhz-12dbi-directional-sector-antenna\/","title":{"rendered":"868\/915MHz 12dBi 65\u00b0 Diretional LoRa Helium Setor Antenna"},"content":{"rendered":"<figure class=\"wp-block-table is-style-regular\"><table class=\"has-fixed-layout\"><tbody><tr><td><strong>Especifica\u00e7\u00f5es el\u00e9ctricas<\/strong><\/td><td>&nbsp;<\/td><\/tr><tr><td>Frequ\u00eancia<\/td><td>860-930 MHz<\/td><\/tr><tr><td>Ganho<\/td><td>12 dBi<\/td><\/tr><tr><td>VSWR<\/td><td>&lt;1.5<\/td><\/tr><tr><td>Polariza\u00e7\u00e3o<\/td><td>Vertical<\/td><\/tr><tr><td>Largura do feixe horizontal<\/td><td>65\u00b0<\/td><\/tr><tr><td>Largura do feixe vertical<\/td><td>35\u00b0<\/td><\/tr><tr><td>R\u00e1cio F\/B<\/td><td>\u226522dB<\/td><\/tr><tr><td>Imped\u00e2ncia<\/td><td>50 ohms<\/td><\/tr><tr><td>M\u00e1x. Pot\u00eancia de entrada<\/td><td>100W<\/td><\/tr><tr><td>Prote\u00e7\u00e3o contra raios<\/td><td>Terra DC<\/td><\/tr><tr><td><strong>Especifica\u00e7\u00f5es mec\u00e2nicas<\/strong><\/td><td>&nbsp;<\/td><\/tr><tr><td>Conector<\/td><td>N Feminino<\/td><\/tr><tr><td>Dimens\u00e3o<\/td><td>650\u00d7280\u00d7125mm<\/td><\/tr><tr><td>Peso<\/td><td>3,5 kg<\/td><\/tr><tr><td>Montagem<\/td><td>Mastro \u00d840-\u00d860 mm<\/td><\/tr><tr><td>Material do radome<\/td><td>PVC resistente aos UV<\/td><\/tr><tr><td>Taxa de velocidade do vento<\/td><td>210km\/h<\/td><\/tr><tr><td>Temperatura de funcionamento<\/td><td>-40\u2103 - +65\u2103<\/td><\/tr><\/tbody><\/table><\/figure>","protected":false},"author":1,"featured_media":9486,"menu_order":0,"template":"","meta":{"_acf_changed":true},"product_cat":[136,330,253],"product_tag":[],"class_list":["post-2569","product","type-product","status-publish","has-post-thumbnail","hentry","product_cat-helium-antennas","product_cat-800-900-mhz-antennas","product_cat-868-915-mhz-lora-antennas"],"acf":{"_sku":"TSC-86930-12V65","product-image":[9486],"_price":"42","pdsms":null,"excerpt":"<ul>\r\n<li>Funciona na banda de frequ\u00eancia 860-930MHz<\/li>\r\n<li>Adequado para aplica\u00e7\u00f5es celulares, LoRa, RFID, ISM, H\u00e9lio, etc.<\/li>\r\n<li>Ganho real de 12dBi<\/li>\r\n<li>Largura de feixe horizontal de 65 graus<\/li>\r\n<li>Suportes de montagem para ajuste de \u00e2ngulo e inclina\u00e7\u00e3o para trabalhos pesados<\/li>\r\n<li>Caixa da antena em PVC resistente com prote\u00e7\u00e3o UV<\/li>\r\n<li>Conector N f\u00eamea t\u00edpico<\/li>\r\n<\/ul>","faqs":""},"_links":{"self":[{"href":"https:\/\/www.tesswave.com\/pt\/wp-json\/wp\/v2\/product\/2569","targetHints":{"allow":["GET"]}}],"collection":[{"href":"https:\/\/www.tesswave.com\/pt\/wp-json\/wp\/v2\/product"}],"about":[{"href":"https:\/\/www.tesswave.com\/pt\/wp-json\/wp\/v2\/types\/product"}],"author":[{"embeddable":true,"href":"https:\/\/www.tesswave.com\/pt\/wp-json\/wp\/v2\/users\/1"}],"acf:attachment":[{"embeddable":true,"href":"https:\/\/www.tesswave.com\/pt\/wp-json\/wp\/v2\/media\/9486"}],"wp:featuredmedia":[{"embeddable":true,"href":"https:\/\/www.tesswave.com\/pt\/wp-json\/wp\/v2\/media\/9486"}],"wp:attachment":[{"href":"https:\/\/www.tesswave.com\/pt\/wp-json\/wp\/v2\/media?parent=2569"}],"wp:term":[{"taxonomy":"product_cat","embeddable":true,"href":"https:\/\/www.tesswave.com\/pt\/wp-json\/wp\/v2\/product_cat?post=2569"},{"taxonomy":"product_tag","embeddable":true,"href":"https:\/\/www.tesswave.com\/pt\/wp-json\/wp\/v2\/product_tag?post=2569"}],"curies":[{"name":"wp","href":"https:\/\/api.w.org\/{rel}","templated":true}]}}