{"id":2588,"date":"2022-05-31T21:53:03","date_gmt":"2022-05-31T13:53:03","guid":{"rendered":"https:\/\/www.tesswave.com\/?post_type=product&#038;p=2588"},"modified":"2025-06-19T18:22:45","modified_gmt":"2025-06-19T10:22:45","slug":"433-mhz-7dbi-panel-antenna","status":"publish","type":"product","link":"https:\/\/www.tesswave.com\/pt\/product\/433-mhz-7dbi-panel-antenna\/","title":{"rendered":"433MHz 7dBi Antena de painel UHF direcional para LoRa\/RFID"},"content":{"rendered":"<figure class=\"wp-block-table\"><table class=\"has-fixed-layout\"><tbody><tr><td><strong>Especifica\u00e7\u00f5es el\u00e9ctricas<\/strong><\/td><td>&nbsp;<\/td><\/tr><tr><td>Frequ\u00eancia<\/td><td>430-440 MHz<\/td><\/tr><tr><td>Ganho<\/td><td>7 dBi<\/td><\/tr><tr><td>VSWR<\/td><td>&lt;1.7<\/td><\/tr><tr><td>Polariza\u00e7\u00e3o<\/td><td>Vertical<\/td><\/tr><tr><td>Largura do feixe horizontal<\/td><td>80\u00b0<\/td><\/tr><tr><td>Largura do feixe vertical<\/td><td>70\u00b0<\/td><\/tr><tr><td>R\u00e1cio F\/B<\/td><td>\u226512dB<\/td><\/tr><tr><td>Imped\u00e2ncia<\/td><td>50 ohms<\/td><\/tr><tr><td>M\u00e1x. Pot\u00eancia de entrada<\/td><td>100W<\/td><\/tr><tr><td>Prote\u00e7\u00e3o contra raios<\/td><td>Terra DC<\/td><\/tr><tr><td><strong>Especifica\u00e7\u00f5es mec\u00e2nicas<\/strong><\/td><td>&nbsp;<\/td><\/tr><tr><td>Conector<\/td><td>N Feminino<\/td><\/tr><tr><td>Dimens\u00e3o<\/td><td>300\u00d7180\u00d780 mm<\/td><\/tr><tr><td>Peso<\/td><td>0,5 kg<\/td><\/tr><tr><td>Montagem<\/td><td>Mastro \u00d840-\u00d860 mm<\/td><\/tr><tr><td>Material do radome<\/td><td>ABS<\/td><\/tr><tr><td>Taxa de velocidade do vento<\/td><td>210km\/h<\/td><\/tr><tr><td>Temperatura de funcionamento<\/td><td>-40\u2103 - +65\u2103<\/td><\/tr><\/tbody><\/table><\/figure>","protected":false},"author":1,"featured_media":7406,"menu_order":0,"template":"","meta":{"_acf_changed":true},"product_cat":[255,329],"product_tag":[],"class_list":["post-2588","product","type-product","status-publish","has-post-thumbnail","hentry","product_cat-433-mhz-lora-antennas","product_cat-300-800-mhz-antennas"],"acf":{"_sku":"TPC-43440-7V","product-image":[7406],"_price":"20","pdsms":null,"excerpt":"<ul>\r\n<li>Operado na banda de frequ\u00eancias 430-440MHz<\/li>\r\n<li>Ideal para aplica\u00e7\u00f5es RFID, LoRa, ISM, M2M, etc.<\/li>\r\n<li>Polariza\u00e7\u00e3o linear<\/li>\r\n<li>Instala\u00e7\u00e3o exterior em poste<\/li>\r\n<li>Caixa da antena em ABS resistente com prote\u00e7\u00e3o UV<\/li>\r\n<li>N Conector f\u00eamea<\/li>\r\n<\/ul>","faqs":""},"_links":{"self":[{"href":"https:\/\/www.tesswave.com\/pt\/wp-json\/wp\/v2\/product\/2588","targetHints":{"allow":["GET"]}}],"collection":[{"href":"https:\/\/www.tesswave.com\/pt\/wp-json\/wp\/v2\/product"}],"about":[{"href":"https:\/\/www.tesswave.com\/pt\/wp-json\/wp\/v2\/types\/product"}],"author":[{"embeddable":true,"href":"https:\/\/www.tesswave.com\/pt\/wp-json\/wp\/v2\/users\/1"}],"acf:attachment":[{"embeddable":true,"href":"https:\/\/www.tesswave.com\/pt\/wp-json\/wp\/v2\/media\/7406"}],"wp:featuredmedia":[{"embeddable":true,"href":"https:\/\/www.tesswave.com\/pt\/wp-json\/wp\/v2\/media\/7406"}],"wp:attachment":[{"href":"https:\/\/www.tesswave.com\/pt\/wp-json\/wp\/v2\/media?parent=2588"}],"wp:term":[{"taxonomy":"product_cat","embeddable":true,"href":"https:\/\/www.tesswave.com\/pt\/wp-json\/wp\/v2\/product_cat?post=2588"},{"taxonomy":"product_tag","embeddable":true,"href":"https:\/\/www.tesswave.com\/pt\/wp-json\/wp\/v2\/product_tag?post=2588"}],"curies":[{"name":"wp","href":"https:\/\/api.w.org\/{rel}","templated":true}]}}