{"id":2637,"date":"2022-06-08T16:40:11","date_gmt":"2022-06-08T08:40:11","guid":{"rendered":"https:\/\/www.tesswave.com\/?post_type=product&#038;p=2637"},"modified":"2025-06-19T18:21:30","modified_gmt":"2025-06-19T10:21:30","slug":"430-470-mhz-5-5-dbi-outdoor-omnidirectional-antenna","status":"publish","type":"product","link":"https:\/\/www.tesswave.com\/pt\/product\/430-470-mhz-5-5-dbi-outdoor-omnidirectional-antenna\/","title":{"rendered":"430-470MHz Antena de base UHF omnidirecional para exterior 5.5dBi"},"content":{"rendered":"<figure class=\"wp-block-table is-style-regular\"><table class=\"has-fixed-layout\"><tbody><tr><td><strong>Especifica\u00e7\u00f5es el\u00e9ctricas<\/strong><\/td><td>&nbsp;<\/td><\/tr><tr><td>Frequ\u00eancia<\/td><td>430-470 MHz<\/td><\/tr><tr><td>Ganho<\/td><td>5.5 dBi<\/td><\/tr><tr><td>VSWR<\/td><td>&lt;1.5<\/td><\/tr><tr><td>Polariza\u00e7\u00e3o<\/td><td>Vertical<\/td><\/tr><tr><td>Largura do feixe horizontal<\/td><td>360\u00b0<\/td><\/tr><tr><td>Largura do feixe vertical<\/td><td>40\u00b0<\/td><\/tr><tr><td>Imped\u00e2ncia<\/td><td>50 ohms<\/td><\/tr><tr><td>M\u00e1x. Pot\u00eancia de entrada<\/td><td>100W<\/td><\/tr><tr><td>Prote\u00e7\u00e3o contra raios<\/td><td>Terra DC<\/td><\/tr><tr><td><strong>Especifica\u00e7\u00f5es mec\u00e2nicas<\/strong><\/td><td>&nbsp;<\/td><\/tr><tr><td>Conector<\/td><td>N Feminino<\/td><\/tr><tr><td>Dimens\u00e3o<\/td><td>\u00d820\u00d71250 mm<\/td><\/tr><tr><td>Peso<\/td><td>0,75 kg<\/td><\/tr><tr><td>Montagem<\/td><td>Mastro \u00d840-\u00d860 mm<\/td><\/tr><tr><td>Material do radome<\/td><td>Fibra de vidro (branco)<\/td><\/tr><tr><td>Taxa de velocidade do vento<\/td><td>210km\/h<\/td><\/tr><tr><td>Temperatura de funcionamento<\/td><td>-40\u2103 - +65\u2103<\/td><\/tr><\/tbody><\/table><\/figure>","protected":false},"author":1,"featured_media":4927,"menu_order":0,"template":"","meta":{"_acf_changed":true},"product_cat":[100,329],"product_tag":[],"class_list":["post-2637","product","type-product","status-publish","has-post-thumbnail","hentry","product_cat-vhf-uhf-omnidirectional-antennas","product_cat-300-800-mhz-antennas"],"acf":{"_sku":"TOF-43470-6V","product-image":[4927],"_price":"27","pdsms":null,"excerpt":"<ul>\r\n<li>Operado na banda de frequ\u00eancias 430-470MHz<\/li>\r\n<li>Ganho elevado real de 5.5dBi<\/li>\r\n<li>Radia\u00e7\u00e3o omnidirecional para cobertura de sinal exterior de 360 graus<\/li>\r\n<li>Instala\u00e7\u00e3o exterior em poste<\/li>\r\n<li>Caixa da antena em fibra de vidro resistente \u00e0s intemp\u00e9ries<\/li>\r\n<li>Conector N f\u00eamea t\u00edpico<\/li>\r\n<\/ul>","faqs":""},"_links":{"self":[{"href":"https:\/\/www.tesswave.com\/pt\/wp-json\/wp\/v2\/product\/2637","targetHints":{"allow":["GET"]}}],"collection":[{"href":"https:\/\/www.tesswave.com\/pt\/wp-json\/wp\/v2\/product"}],"about":[{"href":"https:\/\/www.tesswave.com\/pt\/wp-json\/wp\/v2\/types\/product"}],"author":[{"embeddable":true,"href":"https:\/\/www.tesswave.com\/pt\/wp-json\/wp\/v2\/users\/1"}],"acf:attachment":[{"embeddable":true,"href":"https:\/\/www.tesswave.com\/pt\/wp-json\/wp\/v2\/media\/4927"}],"wp:featuredmedia":[{"embeddable":true,"href":"https:\/\/www.tesswave.com\/pt\/wp-json\/wp\/v2\/media\/4927"}],"wp:attachment":[{"href":"https:\/\/www.tesswave.com\/pt\/wp-json\/wp\/v2\/media?parent=2637"}],"wp:term":[{"taxonomy":"product_cat","embeddable":true,"href":"https:\/\/www.tesswave.com\/pt\/wp-json\/wp\/v2\/product_cat?post=2637"},{"taxonomy":"product_tag","embeddable":true,"href":"https:\/\/www.tesswave.com\/pt\/wp-json\/wp\/v2\/product_tag?post=2637"}],"curies":[{"name":"wp","href":"https:\/\/api.w.org\/{rel}","templated":true}]}}