{"id":2646,"date":"2022-06-08T16:52:29","date_gmt":"2022-06-08T08:52:29","guid":{"rendered":"https:\/\/www.tesswave.com\/?post_type=product&#038;p=2646"},"modified":"2025-06-19T18:20:37","modified_gmt":"2025-06-19T10:20:37","slug":"140-170-mhz-3dbi-omnidirectional-antenna","status":"publish","type":"product","link":"https:\/\/www.tesswave.com\/pt\/product\/140-170-mhz-3dbi-omnidirectional-antenna\/","title":{"rendered":"Antena Omnidirecional para Esta\u00e7\u00e3o Base VHF 140-170MHz 3dBi"},"content":{"rendered":"<figure class=\"wp-block-table is-style-regular\"><table class=\"has-fixed-layout\"><tbody><tr><td><strong>Especifica\u00e7\u00f5es el\u00e9ctricas<\/strong><\/td><td>&nbsp;<\/td><\/tr><tr><td>Frequ\u00eancia<\/td><td>144-174 MHz<\/td><\/tr><tr><td>Ganho<\/td><td>3 dBi<\/td><\/tr><tr><td>VSWR<\/td><td>&lt;1.8<\/td><\/tr><tr><td>Polariza\u00e7\u00e3o<\/td><td>Vertical<\/td><\/tr><tr><td>Largura do feixe horizontal<\/td><td>360\u00b0<\/td><\/tr><tr><td>Largura do feixe vertical<\/td><td>55\u00b0<\/td><\/tr><tr><td>Imped\u00e2ncia<\/td><td>50 ohms<\/td><\/tr><tr><td>M\u00e1x. Pot\u00eancia de entrada<\/td><td>100W<\/td><\/tr><tr><td>Prote\u00e7\u00e3o contra raios<\/td><td>Terra DC<\/td><\/tr><tr><td><strong>Especifica\u00e7\u00f5es mec\u00e2nicas<\/strong><\/td><td>&nbsp;<\/td><\/tr><tr><td>Conector<\/td><td>N Feminino<\/td><\/tr><tr><td>Dimens\u00e3o<\/td><td><a>\u00d8<\/a>25\u00d71240 mm<\/td><\/tr><tr><td>Peso<\/td><td>0,9 kg<\/td><\/tr><tr><td>Montagem<\/td><td><a>Mastro <\/a>\u00d840-\u00d860 mm<\/td><\/tr><tr><td>Material do radome<\/td><td>Fibra de vidro (branco)<\/td><\/tr><tr><td>Taxa de velocidade do vento<\/td><td>210km\/h<\/td><\/tr><tr><td>Temperatura de funcionamento<\/td><td>-40\u2103 - +65\u2103<\/td><\/tr><tr><td>Classifica\u00e7\u00e3o IP<\/td><td>IP 66<\/td><\/tr><\/tbody><\/table><\/figure>","protected":false},"author":1,"featured_media":4921,"menu_order":0,"template":"","meta":{"_acf_changed":true},"product_cat":[100,328],"product_tag":[],"class_list":["post-2646","product","type-product","status-publish","has-post-thumbnail","hentry","product_cat-vhf-uhf-omnidirectional-antennas","product_cat-100-300-mhz-antennas"],"acf":{"_sku":"TOF-14170-3V","product-image":[4921],"_price":"29","pdsms":null,"excerpt":"<ul>\r\n<li>Operado na banda de frequ\u00eancia 144-174MHz<\/li>\r\n<li>Ganho elevado 3dBi verdadeiro<\/li>\r\n<li>Radia\u00e7\u00e3o omnidirecional para cobertura de sinal exterior de 360 graus<\/li>\r\n<li>Instala\u00e7\u00e3o exterior em poste<\/li>\r\n<li>Caixa da antena em fibra de vidro resistente \u00e0s intemp\u00e9ries<\/li>\r\n<li>Conector N f\u00eamea t\u00edpico<\/li>\r\n<\/ul>","faqs":""},"_links":{"self":[{"href":"https:\/\/www.tesswave.com\/pt\/wp-json\/wp\/v2\/product\/2646","targetHints":{"allow":["GET"]}}],"collection":[{"href":"https:\/\/www.tesswave.com\/pt\/wp-json\/wp\/v2\/product"}],"about":[{"href":"https:\/\/www.tesswave.com\/pt\/wp-json\/wp\/v2\/types\/product"}],"author":[{"embeddable":true,"href":"https:\/\/www.tesswave.com\/pt\/wp-json\/wp\/v2\/users\/1"}],"acf:attachment":[{"embeddable":true,"href":"https:\/\/www.tesswave.com\/pt\/wp-json\/wp\/v2\/media\/4921"}],"wp:featuredmedia":[{"embeddable":true,"href":"https:\/\/www.tesswave.com\/pt\/wp-json\/wp\/v2\/media\/4921"}],"wp:attachment":[{"href":"https:\/\/www.tesswave.com\/pt\/wp-json\/wp\/v2\/media?parent=2646"}],"wp:term":[{"taxonomy":"product_cat","embeddable":true,"href":"https:\/\/www.tesswave.com\/pt\/wp-json\/wp\/v2\/product_cat?post=2646"},{"taxonomy":"product_tag","embeddable":true,"href":"https:\/\/www.tesswave.com\/pt\/wp-json\/wp\/v2\/product_tag?post=2646"}],"curies":[{"name":"wp","href":"https:\/\/api.w.org\/{rel}","templated":true}]}}