{"id":2663,"date":"2022-06-08T17:24:03","date_gmt":"2022-06-08T09:24:03","guid":{"rendered":"https:\/\/www.tesswave.com\/?post_type=product&#038;p=2663"},"modified":"2025-06-19T18:18:12","modified_gmt":"2025-06-19T10:18:12","slug":"433mhz-12dbi-directional-yagi-antenna","status":"publish","type":"product","link":"https:\/\/www.tesswave.com\/pt\/product\/433mhz-12dbi-directional-yagi-antenna\/","title":{"rendered":"Antena Yagi UHF Direcional de Alto Ganho de 12dBi para 433MHz"},"content":{"rendered":"<figure class=\"wp-block-table is-style-regular\"><table class=\"has-fixed-layout\"><tbody><tr><td><strong>Especifica\u00e7\u00f5es el\u00e9ctricas<\/strong><\/td><td>&nbsp;<\/td><\/tr><tr><td>Frequ\u00eancia<\/td><td>430-440 MHz<\/td><\/tr><tr><td>Ganho<\/td><td>12 dBi<\/td><\/tr><tr><td>VSWR<\/td><td>&lt;1.5<\/td><\/tr><tr><td>Polariza\u00e7\u00e3o<\/td><td>Vertical<\/td><\/tr><tr><td>Largura do feixe horizontal<\/td><td>49\u00b0<\/td><\/tr><tr><td>Largura do feixe vertical<\/td><td>48\u00b0<\/td><\/tr><tr><td>R\u00e1cio F\/B<\/td><td>\u226515dB<\/td><\/tr><tr><td>Imped\u00e2ncia<\/td><td>50 ohms<\/td><\/tr><tr><td>M\u00e1x. Pot\u00eancia de entrada<\/td><td>100W<\/td><\/tr><tr><td>Prote\u00e7\u00e3o contra raios<\/td><td>Terra DC<\/td><\/tr><tr><td><strong>Especifica\u00e7\u00f5es mec\u00e2nicas<\/strong><\/td><td>&nbsp;<\/td><\/tr><tr><td>Conector<\/td><td>N Feminino<\/td><\/tr><tr><td>Dimens\u00e3o<\/td><td>1150\u00d7370\u00d780 mm<\/td><\/tr><tr><td>Peso<\/td><td>0,8 kg<\/td><\/tr><tr><td>Montagem<\/td><td>Mastro \u00d840-\u00d860 mm<\/td><\/tr><tr><td>Taxa de velocidade do vento<\/td><td>210km\/h<\/td><\/tr><tr><td>Temperatura de funcionamento<\/td><td>-40\u2103 - +65\u2103<\/td><\/tr><\/tbody><\/table><\/figure>","protected":false},"author":1,"featured_media":4909,"menu_order":0,"template":"","meta":{"_acf_changed":true},"product_cat":[102,329,255],"product_tag":[],"class_list":["post-2663","product","type-product","status-publish","has-post-thumbnail","hentry","product_cat-vhf-uhf-yagi-antennas","product_cat-300-800-mhz-antennas","product_cat-433-mhz-lora-antennas"],"acf":{"_sku":"TYC-43440-12E","product-image":[4909],"_price":"17","pdsms":null,"excerpt":"<ul>\r\n<li>Gama de frequ\u00eancias: 430-440MHz<\/li>\r\n<li>12dBi de alto ganho<\/li>\r\n<li>Radia\u00e7\u00e3o direcional para liga\u00e7\u00e3o ponto a ponto<\/li>\r\n<li>Ideal para aplica\u00e7\u00f5es LoRa, LMR, ISM, RFID, M2M, etc.<\/li>\r\n<li>Conector N f\u00eamea t\u00edpico com cabo de 30 cm<\/li>\r\n<\/ul>","faqs":""},"_links":{"self":[{"href":"https:\/\/www.tesswave.com\/pt\/wp-json\/wp\/v2\/product\/2663","targetHints":{"allow":["GET"]}}],"collection":[{"href":"https:\/\/www.tesswave.com\/pt\/wp-json\/wp\/v2\/product"}],"about":[{"href":"https:\/\/www.tesswave.com\/pt\/wp-json\/wp\/v2\/types\/product"}],"author":[{"embeddable":true,"href":"https:\/\/www.tesswave.com\/pt\/wp-json\/wp\/v2\/users\/1"}],"acf:attachment":[{"embeddable":true,"href":"https:\/\/www.tesswave.com\/pt\/wp-json\/wp\/v2\/media\/4909"}],"wp:featuredmedia":[{"embeddable":true,"href":"https:\/\/www.tesswave.com\/pt\/wp-json\/wp\/v2\/media\/4909"}],"wp:attachment":[{"href":"https:\/\/www.tesswave.com\/pt\/wp-json\/wp\/v2\/media?parent=2663"}],"wp:term":[{"taxonomy":"product_cat","embeddable":true,"href":"https:\/\/www.tesswave.com\/pt\/wp-json\/wp\/v2\/product_cat?post=2663"},{"taxonomy":"product_tag","embeddable":true,"href":"https:\/\/www.tesswave.com\/pt\/wp-json\/wp\/v2\/product_tag?post=2663"}],"curies":[{"name":"wp","href":"https:\/\/api.w.org\/{rel}","templated":true}]}}