{"id":3506,"date":"2022-07-25T16:05:40","date_gmt":"2022-07-25T08:05:40","guid":{"rendered":"https:\/\/www.tesswave.com\/?post_type=product&#038;p=3506"},"modified":"2025-06-19T18:09:38","modified_gmt":"2025-06-19T10:09:38","slug":"617-6000-mhz-outdoor-omni-4g-5g-cellular-antenna","status":"publish","type":"product","link":"https:\/\/www.tesswave.com\/pt\/product\/617-6000-mhz-outdoor-omni-4g-5g-cellular-antenna\/","title":{"rendered":"Antena celular Omni 4G\/5G de banda larga para exterior 617-6000MHz"},"content":{"rendered":"<figure class=\"wp-block-table is-style-regular\"><table class=\"has-fixed-layout\"><tbody><tr><td><strong>Especifica\u00e7\u00f5es el\u00e9ctricas<\/strong><\/td><td>&nbsp;<\/td><\/tr><tr><td>Frequ\u00eancia-MHz<\/td><td>617-960\/1710-3800\/4900-6000<\/td><\/tr><tr><td>Ganho-dBi<\/td><td>2.5\/3.5\/4<\/td><\/tr><tr><td>VSWR<\/td><td>&lt;2.2<\/td><\/tr><tr><td>Polariza\u00e7\u00e3o<\/td><td>Vertical<\/td><\/tr><tr><td>Largura do feixe horizontal<\/td><td>360\u00b0<\/td><\/tr><tr><td>Largura do feixe vertical<\/td><td>60\u00b0<\/td><\/tr><tr><td>Imped\u00e2ncia<\/td><td>50 ohms<\/td><\/tr><tr><td>M\u00e1x. Pot\u00eancia de entrada<\/td><td>50W<\/td><\/tr><tr><td>Prote\u00e7\u00e3o contra raios<\/td><td>Terra DC<\/td><\/tr><tr><td><strong>Especifica\u00e7\u00f5es mec\u00e2nicas<\/strong><\/td><td>&nbsp;<\/td><\/tr><tr><td>Conector<\/td><td>N Masculino<\/td><\/tr><tr><td>Dimens\u00e3o<\/td><td>\u00d825\u00d7200 mm<\/td><\/tr><tr><td>Peso<\/td><td>0,06 kg<\/td><\/tr><tr><td>Montagem<\/td><td>Aparafusado<\/td><\/tr><tr><td>Material do radome<\/td><td>Fibra de vidro<\/td><\/tr><tr><td>Taxa de velocidade do vento<\/td><td>210km\/h<\/td><\/tr><tr><td>Temperatura de funcionamento<\/td><td>-40\u2103 - +65\u2103<\/td><\/tr><\/tbody><\/table><\/figure>","protected":false},"author":1,"featured_media":4866,"menu_order":0,"template":"","meta":{"_acf_changed":true},"product_cat":[88,336],"product_tag":[],"class_list":["post-3506","product","type-product","status-publish","has-post-thumbnail","hentry","product_cat-5g-antennas","product_cat-617-6000-mhz-antennas"],"acf":{"_sku":"TOF-0660-4V","product-image":[4866],"_price":"5","pdsms":null,"excerpt":"<ul>\r\n<li>Operado na banda 617-960\/1710-3800\/4900-6000MHz para repetidor\/refor\u00e7o 2G\/3G\/4G\/5G<\/li>\r\n<li>Padr\u00e3o de radia\u00e7\u00e3o omnidirecional<\/li>\r\n<li>Fixar os seus dispositivos no exterior<\/li>\r\n<li>Caixa de antena robusta em fibra de vidro<\/li>\r\n<li>Conector macho N<\/li>\r\n<li>Elemento PCB no interior, alto desempenho<\/li>\r\n<\/ul>","faqs":""},"_links":{"self":[{"href":"https:\/\/www.tesswave.com\/pt\/wp-json\/wp\/v2\/product\/3506","targetHints":{"allow":["GET"]}}],"collection":[{"href":"https:\/\/www.tesswave.com\/pt\/wp-json\/wp\/v2\/product"}],"about":[{"href":"https:\/\/www.tesswave.com\/pt\/wp-json\/wp\/v2\/types\/product"}],"author":[{"embeddable":true,"href":"https:\/\/www.tesswave.com\/pt\/wp-json\/wp\/v2\/users\/1"}],"acf:attachment":[{"embeddable":true,"href":"https:\/\/www.tesswave.com\/pt\/wp-json\/wp\/v2\/media\/4866"}],"wp:featuredmedia":[{"embeddable":true,"href":"https:\/\/www.tesswave.com\/pt\/wp-json\/wp\/v2\/media\/4866"}],"wp:attachment":[{"href":"https:\/\/www.tesswave.com\/pt\/wp-json\/wp\/v2\/media?parent=3506"}],"wp:term":[{"taxonomy":"product_cat","embeddable":true,"href":"https:\/\/www.tesswave.com\/pt\/wp-json\/wp\/v2\/product_cat?post=3506"},{"taxonomy":"product_tag","embeddable":true,"href":"https:\/\/www.tesswave.com\/pt\/wp-json\/wp\/v2\/product_tag?post=3506"}],"curies":[{"name":"wp","href":"https:\/\/api.w.org\/{rel}","templated":true}]}}