{"id":3510,"date":"2022-07-25T16:21:29","date_gmt":"2022-07-25T08:21:29","guid":{"rendered":"https:\/\/www.tesswave.com\/?post_type=product&#038;p=3510"},"modified":"2026-04-29T11:30:09","modified_gmt":"2026-04-29T03:30:09","slug":"617-6000-mhz-indoor-broadband-4g-5g-rubber-duck-antenna","status":"publish","type":"product","link":"https:\/\/www.tesswave.com\/pt\/product\/617-6000-mhz-indoor-broadband-4g-5g-rubber-duck-antenna\/","title":{"rendered":"Antena de pato de borracha de banda larga 4G\/5G 617-6000MHz para interior"},"content":{"rendered":"<figure class=\"wp-block-table is-style-regular\"><table class=\"has-fixed-layout\"><tbody><tr><td><strong>Especifica\u00e7\u00f5es el\u00e9ctricas<\/strong><\/td><td>&nbsp;<\/td><\/tr><tr><td>Frequ\u00eancia - MHz<\/td><td>617-960\/1710-3800\/4900-6000<\/td><\/tr><tr><td>Ganho-dBi<\/td><td>2.5\/3.5\/4<\/td><\/tr><tr><td>VSWR<\/td><td>&lt;2.2<\/td><\/tr><tr><td>Polariza\u00e7\u00e3o<\/td><td>Vertical<\/td><\/tr><tr><td>Largura do feixe horizontal<\/td><td>360\u00b0<\/td><\/tr><tr><td>Largura do feixe vertical<\/td><td>60\u00b0<\/td><\/tr><tr><td>Imped\u00e2ncia<\/td><td>50 ohms<\/td><\/tr><tr><td>M\u00e1x. Pot\u00eancia de entrada<\/td><td>100W<\/td><\/tr><tr><td>Prote\u00e7\u00e3o contra raios<\/td><td>Terra DC<\/td><\/tr><tr><td><strong>Especifica\u00e7\u00f5es mec\u00e2nicas<\/strong><\/td><td>&nbsp;<\/td><\/tr><tr><td>Conector<\/td><td>RP SMA macho<\/td><\/tr><tr><td>Dimens\u00e3o<\/td><td>220 mm<\/td><\/tr><tr><td>Peso<\/td><td>55g<\/td><\/tr><tr><td>Taxa de velocidade do vento<\/td><td>210km\/h<\/td><\/tr><tr><td>Temperatura de funcionamento<\/td><td>-40\u2103 - +65\u2103<\/td><\/tr><\/tbody><\/table><\/figure>","protected":false},"author":1,"featured_media":4872,"menu_order":0,"template":"","meta":{"_acf_changed":true},"product_cat":[88,336,147],"product_tag":[],"class_list":["post-3510","product","type-product","status-publish","has-post-thumbnail","hentry","product_cat-5g-antennas","product_cat-617-6000-mhz-antennas","product_cat-das-antennas"],"acf":{"_sku":"TRH-0660-4V","product-image":[4872],"_price":"4.5","pdsms":"","excerpt":"<ul>\r\n \t<li>Gama de frequ\u00eancias: 617-6000MHz<\/li>\r\n \t<li>Ideal para aplica\u00e7\u00f5es 2G\/3G\/4G\/5G\/WIFI, etc.<\/li>\r\n \t<li>Radia\u00e7\u00e3o omnidirecional para uma cobertura de sinal de 360 graus<\/li>\r\n \t<li>Conector SMA articulado e girat\u00f3rio para a maioria dos routers, modems<\/li>\r\n<\/ul>","faqs":""},"_links":{"self":[{"href":"https:\/\/www.tesswave.com\/pt\/wp-json\/wp\/v2\/product\/3510","targetHints":{"allow":["GET"]}}],"collection":[{"href":"https:\/\/www.tesswave.com\/pt\/wp-json\/wp\/v2\/product"}],"about":[{"href":"https:\/\/www.tesswave.com\/pt\/wp-json\/wp\/v2\/types\/product"}],"author":[{"embeddable":true,"href":"https:\/\/www.tesswave.com\/pt\/wp-json\/wp\/v2\/users\/1"}],"acf:attachment":[{"embeddable":true,"href":"https:\/\/www.tesswave.com\/pt\/wp-json\/wp\/v2\/media\/4872"}],"wp:featuredmedia":[{"embeddable":true,"href":"https:\/\/www.tesswave.com\/pt\/wp-json\/wp\/v2\/media\/4872"}],"wp:attachment":[{"href":"https:\/\/www.tesswave.com\/pt\/wp-json\/wp\/v2\/media?parent=3510"}],"wp:term":[{"taxonomy":"product_cat","embeddable":true,"href":"https:\/\/www.tesswave.com\/pt\/wp-json\/wp\/v2\/product_cat?post=3510"},{"taxonomy":"product_tag","embeddable":true,"href":"https:\/\/www.tesswave.com\/pt\/wp-json\/wp\/v2\/product_tag?post=3510"}],"curies":[{"name":"wp","href":"https:\/\/api.w.org\/{rel}","templated":true}]}}