{"id":3526,"date":"2022-07-25T17:55:24","date_gmt":"2022-07-25T09:55:24","guid":{"rendered":"https:\/\/www.tesswave.com\/?post_type=product&#038;p=3526"},"modified":"2025-06-19T18:06:27","modified_gmt":"2025-06-19T10:06:27","slug":"outdoor-mimo-4g-lte-5g-omni-antenna","status":"publish","type":"product","link":"https:\/\/www.tesswave.com\/pt\/product\/outdoor-mimo-4g-lte-5g-omni-antenna\/","title":{"rendered":"Antena Omnidirecional 4\u00d74 MIMO 4G LTE\/5G Exterior 617-6000MHz"},"content":{"rendered":"<figure class=\"wp-block-table is-style-regular\"><table class=\"has-fixed-layout\"><tbody><tr><td><strong>Especifica\u00e7\u00f5es el\u00e9ctricas<\/strong><\/td><td>&nbsp;<\/td><\/tr><tr><td>Frequ\u00eancia-MHz<\/td><td>617-960\/1710-3800\/4900-6000<\/td><\/tr><tr><td>Ganho-dBi<\/td><td>2.5\/3.5\/4<\/td><\/tr><tr><td>VSWR<\/td><td>&lt;2.5<\/td><\/tr><tr><td>Polariza\u00e7\u00e3o<\/td><td>Vertical<\/td><\/tr><tr><td>Largura do feixe horizontal<\/td><td>360\u00b0<\/td><\/tr><tr><td>Largura do feixe vertical<\/td><td>60\u00b0<\/td><\/tr><tr><td>Imped\u00e2ncia<\/td><td>50 ohms<\/td><\/tr><tr><td>M\u00e1x. Pot\u00eancia de entrada<\/td><td>50W<\/td><\/tr><tr><td>Prote\u00e7\u00e3o contra raios<\/td><td>Terra DC<\/td><\/tr><tr><td><strong>Especifica\u00e7\u00f5es mec\u00e2nicas<\/strong><\/td><td>&nbsp;<\/td><\/tr><tr><td>Conector<\/td><td>4xRP-SMA macho<\/td><\/tr><tr><td>Cabo<\/td><td>30cm RG58U<\/td><\/tr><tr><td>Dimens\u00e3o<\/td><td>\u00d8132\u00d7220 mm<\/td><\/tr><tr><td>Peso<\/td><td>1,2 kg<\/td><\/tr><tr><td>Montagem<\/td><td>Mastro \u00d840-\u00d860 mm<\/td><\/tr><tr><td>Material do radome<\/td><td>PVC UV<\/td><\/tr><tr><td>Taxa de velocidade do vento<\/td><td>210km\/h<\/td><\/tr><tr><td>Temperatura de funcionamento<\/td><td>-40\u2103 - +65\u2103<\/td><\/tr><\/tbody><\/table><\/figure>","protected":false},"author":1,"featured_media":4848,"menu_order":0,"template":"","meta":{"_acf_changed":true},"product_cat":[88,87,336,247],"product_tag":[],"class_list":["post-3526","product","type-product","status-publish","has-post-thumbnail","hentry","product_cat-5g-antennas","product_cat-4g-lte-antennas","product_cat-617-6000-mhz-antennas","product_cat-mimo-omni-antennas"],"acf":{"_sku":"TOF-0660-4DV","product-image":[4848],"_price":"42","pdsms":null,"excerpt":"<ul>\r\n<li>Funciona na banda 617-6000MHz para cada porta<\/li>\r\n<li>Ideal para repetidores\/boosters\/routers 2G\/3G\/4G\/5G<\/li>\r\n<li>Padr\u00e3o de radia\u00e7\u00e3o omnidirecional<\/li>\r\n<li>Caixa robusta em PVC com prote\u00e7\u00e3o UV<\/li>\r\n<li>Conector macho RP SMA<\/li>\r\n<li>Elemento PCB no interior, alto desempenho<\/li>\r\n<li>Inclui um kit de montagem para trabalhos pesados<\/li>\r\n<\/ul>","faqs":""},"_links":{"self":[{"href":"https:\/\/www.tesswave.com\/pt\/wp-json\/wp\/v2\/product\/3526","targetHints":{"allow":["GET"]}}],"collection":[{"href":"https:\/\/www.tesswave.com\/pt\/wp-json\/wp\/v2\/product"}],"about":[{"href":"https:\/\/www.tesswave.com\/pt\/wp-json\/wp\/v2\/types\/product"}],"author":[{"embeddable":true,"href":"https:\/\/www.tesswave.com\/pt\/wp-json\/wp\/v2\/users\/1"}],"acf:attachment":[{"embeddable":true,"href":"https:\/\/www.tesswave.com\/pt\/wp-json\/wp\/v2\/media\/4848"}],"wp:featuredmedia":[{"embeddable":true,"href":"https:\/\/www.tesswave.com\/pt\/wp-json\/wp\/v2\/media\/4848"}],"wp:attachment":[{"href":"https:\/\/www.tesswave.com\/pt\/wp-json\/wp\/v2\/media?parent=3526"}],"wp:term":[{"taxonomy":"product_cat","embeddable":true,"href":"https:\/\/www.tesswave.com\/pt\/wp-json\/wp\/v2\/product_cat?post=3526"},{"taxonomy":"product_tag","embeddable":true,"href":"https:\/\/www.tesswave.com\/pt\/wp-json\/wp\/v2\/product_tag?post=3526"}],"curies":[{"name":"wp","href":"https:\/\/api.w.org\/{rel}","templated":true}]}}