{"id":3561,"date":"2022-08-02T11:06:32","date_gmt":"2022-08-02T03:06:32","guid":{"rendered":"https:\/\/www.tesswave.com\/?post_type=product&#038;p=3561"},"modified":"2025-06-19T18:00:07","modified_gmt":"2025-06-19T10:00:07","slug":"outdoor-omnidirectional-wifi-6e-antenna","status":"publish","type":"product","link":"https:\/\/www.tesswave.com\/pt\/product\/outdoor-omnidirectional-wifi-6e-antenna\/","title":{"rendered":"2400-7125MHz 4\/6dBi Antena exterior omnidirecional WiFi 6\/6E"},"content":{"rendered":"<figure class=\"wp-block-table is-style-regular\"><table class=\"has-fixed-layout\"><tbody><tr><td><strong>Especifica\u00e7\u00f5es el\u00e9ctricas<\/strong><\/td><td>&nbsp;<\/td><td>&nbsp;<\/td><\/tr><tr><td>Frequ\u00eancia-MHz<\/td><td>2400-2500<\/td><td>4900-7125<\/td><\/tr><tr><td>Ganho-dBi<\/td><td>4<\/td><td>6<\/td><\/tr><tr><td>VSWR<\/td><td>&lt;1.5<\/td><td>&lt;2.2<\/td><\/tr><tr><td>Polariza\u00e7\u00e3o<\/td><td>Vertical<\/td><td>&nbsp;<\/td><\/tr><tr><td>Largura do feixe horizontal<\/td><td>360\u00b0<\/td><td>&nbsp;<\/td><\/tr><tr><td>Largura do feixe vertical<\/td><td>48\u00b0<\/td><td>28\u00b0<\/td><\/tr><tr><td>Imped\u00e2ncia<\/td><td>50\u03a9<\/td><td>&nbsp;<\/td><\/tr><tr><td>M\u00e1x. Pot\u00eancia de entrada<\/td><td>50W<\/td><td>&nbsp;<\/td><\/tr><tr><td>Prote\u00e7\u00e3o contra raios<\/td><td>Terra DC<\/td><td>&nbsp;<\/td><\/tr><tr><td><strong>Especifica\u00e7\u00f5es mec\u00e2nicas<\/strong><\/td><td>&nbsp;<\/td><td>&nbsp;<\/td><\/tr><tr><td>Conector<\/td><td>N Feminino<\/td><td>&nbsp;<\/td><\/tr><tr><td>Dimens\u00e3o<\/td><td>\u00d820\u00d7220 mm<\/td><td>&nbsp;<\/td><\/tr><tr><td>Peso<\/td><td>75 g<\/td><td>&nbsp;<\/td><\/tr><tr><td>Montagem<\/td><td>Aparafusado<\/td><td>&nbsp;<\/td><\/tr><tr><td>Material do radome<\/td><td>Fibra de vidro<\/td><td>&nbsp;<\/td><\/tr><tr><td>Taxa de velocidade do vento<\/td><td>210km\/h<\/td><td>&nbsp;<\/td><\/tr><tr><td>Temperatura de funcionamento<\/td><td>-40\u2103 - +65\u2103<\/td><td>&nbsp;<\/td><\/tr><\/tbody><\/table><\/figure>","protected":false},"author":1,"featured_media":4843,"menu_order":0,"template":"","meta":{"_acf_changed":true},"product_cat":[166,338],"product_tag":[],"class_list":["post-3561","product","type-product","status-publish","has-post-thumbnail","hentry","product_cat-wifi-6-6e-antennas","product_cat-2400-7125-mhz-antennas"],"acf":{"_sku":"TOF-2472-6V","product-image":[4843],"_price":"9.9","pdsms":null,"excerpt":"<ul>\r\n<li>Funciona a 2400-2500\/4900-7125MHz de banda dupla<\/li>\r\n<li>Ganho real 4dBi@2.4GHz e 6dBi@4900-7125MHz<\/li>\r\n<li>Nova banda 6GHz para WiFi 6E<\/li>\r\n<li>Antena omnidirecional, ideal para cobertura de sinal no exterior<\/li>\r\n<li>Instalar diretamente no router ou outras op\u00e7\u00f5es<\/li>\r\n<li>Caixa da antena em fibra de vidro para prote\u00e7\u00e3o contra as intemp\u00e9ries<\/li>\r\n<li>Dimens\u00f5es: \u03a620\u00d7220 mm<\/li>\r\n<li>IP66 resistente \u00e0 chuva e ao p\u00f3<\/li>\r\n<\/ul>","faqs":""},"_links":{"self":[{"href":"https:\/\/www.tesswave.com\/pt\/wp-json\/wp\/v2\/product\/3561","targetHints":{"allow":["GET"]}}],"collection":[{"href":"https:\/\/www.tesswave.com\/pt\/wp-json\/wp\/v2\/product"}],"about":[{"href":"https:\/\/www.tesswave.com\/pt\/wp-json\/wp\/v2\/types\/product"}],"author":[{"embeddable":true,"href":"https:\/\/www.tesswave.com\/pt\/wp-json\/wp\/v2\/users\/1"}],"acf:attachment":[{"embeddable":true,"href":"https:\/\/www.tesswave.com\/pt\/wp-json\/wp\/v2\/media\/4843"}],"wp:featuredmedia":[{"embeddable":true,"href":"https:\/\/www.tesswave.com\/pt\/wp-json\/wp\/v2\/media\/4843"}],"wp:attachment":[{"href":"https:\/\/www.tesswave.com\/pt\/wp-json\/wp\/v2\/media?parent=3561"}],"wp:term":[{"taxonomy":"product_cat","embeddable":true,"href":"https:\/\/www.tesswave.com\/pt\/wp-json\/wp\/v2\/product_cat?post=3561"},{"taxonomy":"product_tag","embeddable":true,"href":"https:\/\/www.tesswave.com\/pt\/wp-json\/wp\/v2\/product_tag?post=3561"}],"curies":[{"name":"wp","href":"https:\/\/api.w.org\/{rel}","templated":true}]}}