{"id":4105,"date":"2022-11-02T17:04:16","date_gmt":"2022-11-02T09:04:16","guid":{"rendered":"https:\/\/www.tesswave.com\/?post_type=product&#038;p=4105"},"modified":"2025-06-19T17:59:04","modified_gmt":"2025-06-19T09:59:04","slug":"2g-3g-4g-lte-magnetic-mount-whip-antenna-698-2700mhz","status":"publish","type":"product","link":"https:\/\/www.tesswave.com\/pt\/product\/2g-3g-4g-lte-magnetic-mount-whip-antenna-698-2700mhz\/","title":{"rendered":"Antena de chicote de montagem magn\u00e9tica 2G\/3G\/4G LTE 698-2700MHz"},"content":{"rendered":"<figure class=\"wp-block-table is-style-regular\"><table class=\"has-fixed-layout\"><tbody><tr><td><strong><b>Especifica\u00e7\u00f5es el\u00e9ctricas<\/b><\/strong><\/td><td>&nbsp;<\/td><\/tr><tr><td>Frequ\u00eancia<\/td><td>698-960\/1710-2700 MHz<\/td><\/tr><tr><td>Ganho<\/td><td>3\/3,5 dBi<\/td><\/tr><tr><td>VSWR<\/td><td>&lt;1.5<\/td><\/tr><tr><td>Polariza\u00e7\u00e3o<\/td><td>Vertical<\/td><\/tr><tr><td>Largura do feixe horizontal<\/td><td>360\u00b0<\/td><\/tr><tr><td>Largura do feixe vertical<\/td><td>60\u00b0<\/td><\/tr><tr><td>Imped\u00e2ncia<\/td><td>50 ohms<\/td><\/tr><tr><td>M\u00e1x. Pot\u00eancia de entrada<\/td><td>50W<\/td><\/tr><tr><td>Prote\u00e7\u00e3o contra raios<\/td><td>Terra DC<\/td><\/tr><tr><td><strong><b>Especifica\u00e7\u00f5es mec\u00e2nicas<\/b><\/strong><\/td><td>&nbsp;<\/td><\/tr><tr><td>Conector<\/td><td>RP SMA macho<\/td><\/tr><tr><td>Cabo<\/td><td>3 metros RG174<\/td><\/tr><tr><td>Dimens\u00e3o<\/td><td>320 mm<\/td><\/tr><tr><td>Peso<\/td><td>110 g<\/td><\/tr><tr><td>Montagem<\/td><td>Base magn\u00e9tica<\/td><\/tr><tr><td>Temperatura de funcionamento<\/td><td>-40\u2103 - +65\u2103<\/td><\/tr><\/tbody><\/table><\/figure>","protected":false},"author":1,"featured_media":6056,"menu_order":0,"template":"","meta":{"_acf_changed":true},"product_cat":[87,337],"product_tag":[],"class_list":["post-4105","product","type-product","status-publish","has-post-thumbnail","hentry","product_cat-4g-lte-antennas","product_cat-698-2700-mhz-antennas"],"acf":{"_sku":"TMM-0727-4V","product-image":[6056],"_price":"8","pdsms":null,"excerpt":"<ul>\r\n<li>698-2700MHz gama de frequ\u00eancias operada<\/li>\r\n<li>Padr\u00e3o de radia\u00e7\u00e3o omnidirecional de alto ganho 3\/3.5dBi<\/li>\r\n<li>Adequado para aplica\u00e7\u00f5es 2G\/3G\/4G LTE<\/li>\r\n<li>Base de montagem magn\u00e9tica<\/li>\r\n<li>Cabos 3M RG174 ou personalizados<\/li>\r\n<li>Conector SMA ou personalizado<\/li>\r\n<\/ul>","faqs":""},"_links":{"self":[{"href":"https:\/\/www.tesswave.com\/pt\/wp-json\/wp\/v2\/product\/4105","targetHints":{"allow":["GET"]}}],"collection":[{"href":"https:\/\/www.tesswave.com\/pt\/wp-json\/wp\/v2\/product"}],"about":[{"href":"https:\/\/www.tesswave.com\/pt\/wp-json\/wp\/v2\/types\/product"}],"author":[{"embeddable":true,"href":"https:\/\/www.tesswave.com\/pt\/wp-json\/wp\/v2\/users\/1"}],"acf:attachment":[{"embeddable":true,"href":"https:\/\/www.tesswave.com\/pt\/wp-json\/wp\/v2\/media\/6056"}],"wp:featuredmedia":[{"embeddable":true,"href":"https:\/\/www.tesswave.com\/pt\/wp-json\/wp\/v2\/media\/6056"}],"wp:attachment":[{"href":"https:\/\/www.tesswave.com\/pt\/wp-json\/wp\/v2\/media?parent=4105"}],"wp:term":[{"taxonomy":"product_cat","embeddable":true,"href":"https:\/\/www.tesswave.com\/pt\/wp-json\/wp\/v2\/product_cat?post=4105"},{"taxonomy":"product_tag","embeddable":true,"href":"https:\/\/www.tesswave.com\/pt\/wp-json\/wp\/v2\/product_tag?post=4105"}],"curies":[{"name":"wp","href":"https:\/\/api.w.org\/{rel}","templated":true}]}}