{"id":7511,"date":"2023-09-20T11:04:41","date_gmt":"2023-09-20T03:04:41","guid":{"rendered":"https:\/\/www.tesswave.com\/?post_type=product&#038;p=7511"},"modified":"2025-06-19T17:39:36","modified_gmt":"2025-06-19T09:39:36","slug":"2-5-2-7-ghz-18dbi-panel-antenna","status":"publish","type":"product","link":"https:\/\/www.tesswave.com\/pt\/product\/2-5-2-7-ghz-18dbi-panel-antenna\/","title":{"rendered":"2,5-2,7GHz 18dBi Antena de painel WiMax direcional para exterior"},"content":{"rendered":"<figure class=\"wp-block-table\"><table class=\"has-fixed-layout\"><tbody><tr><td><strong>Especifica\u00e7\u00f5es el\u00e9ctricas<\/strong><\/td><td>&nbsp;<\/td><\/tr><tr><td>Frequ\u00eancia<\/td><td>2500-2700 MHz<\/td><\/tr><tr><td>Ganho<\/td><td>18 dBi<\/td><\/tr><tr><td>VSWR<\/td><td>&lt;1.5<\/td><\/tr><tr><td>Polariza\u00e7\u00e3o<\/td><td>Vertical<\/td><\/tr><tr><td>Largura do feixe horizontal<\/td><td>20\u00b0<\/td><\/tr><tr><td>Largura do feixe vertical<\/td><td>20\u00b0<\/td><\/tr><tr><td>R\u00e1cio F\/B<\/td><td>\u226528dB<\/td><\/tr><tr><td>Imped\u00e2ncia<\/td><td>50 ohms<\/td><\/tr><tr><td>M\u00e1x. Pot\u00eancia de entrada<\/td><td>100W<\/td><\/tr><tr><td>Prote\u00e7\u00e3o contra raios<\/td><td>Terra DC<\/td><\/tr><tr><td><strong>Especifica\u00e7\u00f5es mec\u00e2nicas<\/strong><\/td><td>&nbsp;<\/td><\/tr><tr><td>Conector<\/td><td>N Feminino<\/td><\/tr><tr><td>Dimens\u00e3o<\/td><td>305\u00d7305\u00d725mm<\/td><\/tr><tr><td>Peso<\/td><td>0,7 kg<\/td><\/tr><tr><td>Montagem<\/td><td>Mastro \u00d840-\u00d860 mm<\/td><\/tr><tr><td>Material do radome<\/td><td>ABS<\/td><\/tr><tr><td>Taxa de velocidade do vento<\/td><td>210km\/h<\/td><\/tr><tr><td>Temperatura de funcionamento<\/td><td>-40\u2103 - +65\u2103<\/td><\/tr><\/tbody><\/table><\/figure>","protected":false},"author":1,"featured_media":7514,"menu_order":0,"template":"","meta":{"_acf_changed":true},"product_cat":[260,339],"product_tag":[],"class_list":["post-7511","product","type-product","status-publish","has-post-thumbnail","hentry","product_cat-panel-wimax-antennas","product_cat-2-5-2-7-ghz-antennas"],"acf":{"_sku":"TPC-2527-18E","product-image":[7514],"_price":"","pdsms":null,"excerpt":"<ul>\r\n<li>Funciona na banda 2500-2700MHz<\/li>\r\n<li>18dBi conce\u00e7\u00e3o de alto ganho<\/li>\r\n<li>Padr\u00e3o de radia\u00e7\u00e3o direcional para liga\u00e7\u00e3o PTP<\/li>\r\n<li>Radome dur\u00e1vel<\/li>\r\n<li>Conector N f\u00eamea t\u00edpico<\/li>\r\n<li>Kit de montagem resistente<\/li>\r\n<\/ul>","faqs":""},"_links":{"self":[{"href":"https:\/\/www.tesswave.com\/pt\/wp-json\/wp\/v2\/product\/7511","targetHints":{"allow":["GET"]}}],"collection":[{"href":"https:\/\/www.tesswave.com\/pt\/wp-json\/wp\/v2\/product"}],"about":[{"href":"https:\/\/www.tesswave.com\/pt\/wp-json\/wp\/v2\/types\/product"}],"author":[{"embeddable":true,"href":"https:\/\/www.tesswave.com\/pt\/wp-json\/wp\/v2\/users\/1"}],"acf:attachment":[{"embeddable":true,"href":"https:\/\/www.tesswave.com\/pt\/wp-json\/wp\/v2\/media\/7514"}],"wp:featuredmedia":[{"embeddable":true,"href":"https:\/\/www.tesswave.com\/pt\/wp-json\/wp\/v2\/media\/7514"}],"wp:attachment":[{"href":"https:\/\/www.tesswave.com\/pt\/wp-json\/wp\/v2\/media?parent=7511"}],"wp:term":[{"taxonomy":"product_cat","embeddable":true,"href":"https:\/\/www.tesswave.com\/pt\/wp-json\/wp\/v2\/product_cat?post=7511"},{"taxonomy":"product_tag","embeddable":true,"href":"https:\/\/www.tesswave.com\/pt\/wp-json\/wp\/v2\/product_tag?post=7511"}],"curies":[{"name":"wp","href":"https:\/\/api.w.org\/{rel}","templated":true}]}}