{"id":7559,"date":"2023-09-21T21:13:50","date_gmt":"2023-09-21T13:13:50","guid":{"rendered":"https:\/\/www.tesswave.com\/?post_type=product&#038;p=7559"},"modified":"2025-06-19T17:36:17","modified_gmt":"2025-06-19T09:36:17","slug":"2400-7125-mhz-6-ports-mimo-panel-antenna","status":"publish","type":"product","link":"https:\/\/www.tesswave.com\/pt\/product\/2400-7125-mhz-6-ports-mimo-panel-antenna\/","title":{"rendered":"2400-7125 MHz 13dBi Exterior 6 portas MIMO WiFi 6E Antena de painel"},"content":{"rendered":"<figure class=\"wp-block-table\"><table class=\"has-fixed-layout\"><tbody><tr><td><strong>Especifica\u00e7\u00f5es el\u00e9ctricas<\/strong><\/td><td colspan=\"2\">&nbsp;<\/td><\/tr><tr><td>Frequ\u00eancia-MHz<\/td><td>2400-2500<\/td><td>4900-7125<\/td><\/tr><tr><td>Ganho-dBi<\/td><td>10<\/td><td>13<\/td><\/tr><tr><td>VSWR<\/td><td colspan=\"2\">&lt;2<\/td><\/tr><tr><td>Polariza\u00e7\u00e3o<\/td><td colspan=\"2\">3*Vertical e 3*horizontal<\/td><\/tr><tr><td>Largura do feixe horizontal<\/td><td>55\u00b0<\/td><td>44\u00b0<\/td><\/tr><tr><td>Largura do feixe vertical<\/td><td>50\u00b0<\/td><td>40\u00b0<\/td><\/tr><tr><td>R\u00e1cio F\/B<\/td><td colspan=\"2\">\u226525dB<\/td><\/tr><tr><td>Isolamento<\/td><td colspan=\"2\">\u226528dB<\/td><\/tr><tr><td>Imped\u00e2ncia<\/td><td colspan=\"2\">50 ohms<\/td><\/tr><tr><td>M\u00e1x. Pot\u00eancia de entrada<\/td><td colspan=\"2\">50W<\/td><\/tr><tr><td>Prote\u00e7\u00e3o contra raios<\/td><td colspan=\"2\">Terra DC<\/td><\/tr><tr><td><strong>Especifica\u00e7\u00f5es mec\u00e2nicas<\/strong><\/td><td colspan=\"2\">&nbsp;<\/td><\/tr><tr><td>Conector<\/td><td colspan=\"2\">6xN F\u00eamea<\/td><\/tr><tr><td>Dimens\u00e3o<\/td><td colspan=\"2\">305x305x25 mm<\/td><\/tr><tr><td>Peso<\/td><td colspan=\"2\">0,9 kg<\/td><\/tr><tr><td>Montagem<\/td><td colspan=\"2\">Mastro \u00d830-\u00d850 mm<\/td><\/tr><tr><td>Material do radome<\/td><td colspan=\"2\">ABS<\/td><\/tr><tr><td>Taxa de velocidade do vento<\/td><td colspan=\"2\">210km\/h<\/td><\/tr><tr><td>Temperatura de funcionamento<\/td><td colspan=\"2\">-40\u2103 - +65\u2103<\/td><\/tr><\/tbody><\/table><\/figure>","protected":false},"author":1,"featured_media":7560,"menu_order":0,"template":"","meta":{"_acf_changed":true},"product_cat":[166,338,128],"product_tag":[],"class_list":["post-7559","product","type-product","status-publish","has-post-thumbnail","hentry","product_cat-wifi-6-6e-antennas","product_cat-2400-7125-mhz-antennas","product_cat-mimo-panel-antennas"],"acf":{"_sku":"TPC-2472-13CD","product-image":[7560],"_price":"","pdsms":null,"excerpt":"<ul>\r\n<li>Funciona na banda 2400-2500\/4900-7125MHz<\/li>\r\n<li>10\/13dBi de alto ganho<\/li>\r\n<li>Padr\u00e3o de radia\u00e7\u00e3o direcional<\/li>\r\n<li>Montagem em poste para utiliza\u00e7\u00e3o no exterior<\/li>\r\n<li>6 x N Conector f\u00eamea<\/li>\r\n<\/ul>","faqs":""},"_links":{"self":[{"href":"https:\/\/www.tesswave.com\/pt\/wp-json\/wp\/v2\/product\/7559","targetHints":{"allow":["GET"]}}],"collection":[{"href":"https:\/\/www.tesswave.com\/pt\/wp-json\/wp\/v2\/product"}],"about":[{"href":"https:\/\/www.tesswave.com\/pt\/wp-json\/wp\/v2\/types\/product"}],"author":[{"embeddable":true,"href":"https:\/\/www.tesswave.com\/pt\/wp-json\/wp\/v2\/users\/1"}],"acf:attachment":[{"embeddable":true,"href":"https:\/\/www.tesswave.com\/pt\/wp-json\/wp\/v2\/media\/7560"}],"wp:featuredmedia":[{"embeddable":true,"href":"https:\/\/www.tesswave.com\/pt\/wp-json\/wp\/v2\/media\/7560"}],"wp:attachment":[{"href":"https:\/\/www.tesswave.com\/pt\/wp-json\/wp\/v2\/media?parent=7559"}],"wp:term":[{"taxonomy":"product_cat","embeddable":true,"href":"https:\/\/www.tesswave.com\/pt\/wp-json\/wp\/v2\/product_cat?post=7559"},{"taxonomy":"product_tag","embeddable":true,"href":"https:\/\/www.tesswave.com\/pt\/wp-json\/wp\/v2\/product_tag?post=7559"}],"curies":[{"name":"wp","href":"https:\/\/api.w.org\/{rel}","templated":true}]}}