{"id":7588,"date":"2023-09-22T10:25:39","date_gmt":"2023-09-22T02:25:39","guid":{"rendered":"https:\/\/www.tesswave.com\/?post_type=product&#038;p=7588"},"modified":"2025-06-19T17:33:53","modified_gmt":"2025-06-19T09:33:53","slug":"2-4-7-2-ghz-3x3-mimo-ceiling-antenna","status":"publish","type":"product","link":"https:\/\/www.tesswave.com\/pt\/product\/2-4-7-2-ghz-3x3-mimo-ceiling-antenna\/","title":{"rendered":"2400-7125MHz Montagem no teto omnidirecional interior 3\u00d73 MIMO WiFi 6E Antena 3-Portas"},"content":{"rendered":"<figure class=\"wp-block-table\"><table><tbody><tr><td><strong>Especifica\u00e7\u00f5es el\u00e9ctricas<\/strong><\/td><td colspan=\"2\"><\/td><\/tr><tr><td>Frequ\u00eancia-MHz<\/td><td>2400-2500<\/td><td>4900-7125<\/td><\/tr><tr><td>Ganho-dBi<\/td><td>3<\/td><td>4<\/td><\/tr><tr><td>VSWR<\/td><td colspan=\"2\">&lt;2<\/td><\/tr><tr><td>Polariza\u00e7\u00e3o<\/td><td colspan=\"2\">Vertical<\/td><\/tr><tr><td>Largura do feixe horizontal<\/td><td colspan=\"2\">360\u00b0<\/td><\/tr><tr><td>Largura do feixe vertical<\/td><td>68\u00b0<\/td><td>55\u00b0<\/td><\/tr><tr><td>Imped\u00e2ncia<\/td><td colspan=\"2\">50 ohms<\/td><\/tr><tr><td>M\u00e1x. Pot\u00eancia de entrada<\/td><td colspan=\"2\">50W<\/td><\/tr><tr><td>Prote\u00e7\u00e3o contra raios<\/td><td colspan=\"2\">Terra DC<\/td><\/tr><tr><td><strong>Especifica\u00e7\u00f5es mec\u00e2nicas<\/strong><\/td><td colspan=\"2\">&nbsp;<\/td><\/tr><tr><td>Conector<\/td><td colspan=\"2\">3\u00d7SMA macho<\/td><\/tr><tr><td>Dimens\u00e3o<\/td><td colspan=\"2\">\u00d8120\u00d735 mm<\/td><\/tr><tr><td>Peso<\/td><td colspan=\"2\">0,2 kg<\/td><\/tr><tr><td>Montagem<\/td><td colspan=\"2\">Montagem no teto<\/td><\/tr><tr><td>Material do radome<\/td><td colspan=\"2\">ABS<\/td><\/tr><tr><td>Taxa de velocidade do vento<\/td><td colspan=\"2\">210km\/h<\/td><\/tr><tr><td>Temperatura de funcionamento<\/td><td colspan=\"2\">-40\u2103 - +65\u2103<\/td><\/tr><\/tbody><\/table><\/figure>","protected":false},"author":1,"featured_media":7589,"menu_order":0,"template":"","meta":{"_acf_changed":true},"product_cat":[166,338,257],"product_tag":[],"class_list":["post-7588","product","type-product","status-publish","has-post-thumbnail","hentry","product_cat-wifi-6-6e-antennas","product_cat-2400-7125-mhz-antennas","product_cat-mimo-ceiling-antennas"],"acf":{"_sku":"TCC-2472-4CV","product-image":[7589],"_price":"","pdsms":null,"excerpt":"<ul>\r\n<li>Funciona em 2400-2500\/4900-7125MHz<\/li>\r\n<li>Padr\u00e3o de radia\u00e7\u00e3o omnidirecional para cobertura interior<\/li>\r\n<li>Tecnologia MIMO de 3 portas<\/li>\r\n<li>Conector macho SMA t\u00edpico<\/li>\r\n<li>F\u00e1cil de instalar no teto<\/li>\r\n<\/ul>","faqs":""},"_links":{"self":[{"href":"https:\/\/www.tesswave.com\/pt\/wp-json\/wp\/v2\/product\/7588","targetHints":{"allow":["GET"]}}],"collection":[{"href":"https:\/\/www.tesswave.com\/pt\/wp-json\/wp\/v2\/product"}],"about":[{"href":"https:\/\/www.tesswave.com\/pt\/wp-json\/wp\/v2\/types\/product"}],"author":[{"embeddable":true,"href":"https:\/\/www.tesswave.com\/pt\/wp-json\/wp\/v2\/users\/1"}],"acf:attachment":[{"embeddable":true,"href":"https:\/\/www.tesswave.com\/pt\/wp-json\/wp\/v2\/media\/7589"}],"wp:featuredmedia":[{"embeddable":true,"href":"https:\/\/www.tesswave.com\/pt\/wp-json\/wp\/v2\/media\/7589"}],"wp:attachment":[{"href":"https:\/\/www.tesswave.com\/pt\/wp-json\/wp\/v2\/media?parent=7588"}],"wp:term":[{"taxonomy":"product_cat","embeddable":true,"href":"https:\/\/www.tesswave.com\/pt\/wp-json\/wp\/v2\/product_cat?post=7588"},{"taxonomy":"product_tag","embeddable":true,"href":"https:\/\/www.tesswave.com\/pt\/wp-json\/wp\/v2\/product_tag?post=7588"}],"curies":[{"name":"wp","href":"https:\/\/api.w.org\/{rel}","templated":true}]}}