{"id":7598,"date":"2023-09-22T10:58:41","date_gmt":"2023-09-22T02:58:41","guid":{"rendered":"https:\/\/www.tesswave.com\/?post_type=product&#038;p=7598"},"modified":"2025-06-19T17:32:37","modified_gmt":"2025-06-19T09:32:37","slug":"2-4-7-2-ghz-6x6-omni-mimo-antenna","status":"publish","type":"product","link":"https:\/\/www.tesswave.com\/pt\/product\/2-4-7-2-ghz-6x6-omni-mimo-antenna\/","title":{"rendered":"Antena exterior omnidirecional de 6 portas 6\u00d76 MIMO WiFi 6E 2400-7125MHz"},"content":{"rendered":"<figure class=\"wp-block-table\"><table><tbody><tr><td><strong>Especifica\u00e7\u00f5es el\u00e9ctricas<\/strong><\/td><td colspan=\"2\">&nbsp;<\/td><\/tr><tr><td>Frequ\u00eancia-MHz<\/td><td>2400-2500<\/td><td>4900-7125<\/td><\/tr><tr><td>Ganho-dBi<\/td><td>4<\/td><td>6<\/td><\/tr><tr><td>VSWR<\/td><td>&lt;1.5<\/td><td>&lt;2.2<\/td><\/tr><tr><td>Polariza\u00e7\u00e3o<\/td><td colspan=\"2\">Vertical<\/td><\/tr><tr><td>Largura do feixe horizontal<\/td><td colspan=\"2\">360\u00b0<\/td><\/tr><tr><td>Largura do feixe vertical<\/td><td>48\u00b0<\/td><td>28\u00b0<\/td><\/tr><tr><td>Imped\u00e2ncia<\/td><td colspan=\"2\">50\u03a9<\/td><\/tr><tr><td>M\u00e1x. Pot\u00eancia de entrada<\/td><td colspan=\"2\">50W<\/td><\/tr><tr><td>Prote\u00e7\u00e3o contra raios<\/td><td colspan=\"2\">Terra DC<\/td><\/tr><tr><td><strong>Especifica\u00e7\u00f5es mec\u00e2nicas<\/strong><\/td><td colspan=\"2\">&nbsp;<\/td><\/tr><tr><td>Conector<\/td><td colspan=\"2\">6\u00d7RP SMA macho<\/td><\/tr><tr><td>Dimens\u00e3o<\/td><td colspan=\"2\">\u00d8128\u00d7220 mm<\/td><\/tr><tr><td>Peso<\/td><td colspan=\"2\">1,3 kg<\/td><\/tr><tr><td>Montagem<\/td><td colspan=\"2\">Mastro \u00d830-\u00d850 mm<\/td><\/tr><tr><td>Material do radome<\/td><td colspan=\"2\">PVC resistente aos UV<\/td><\/tr><tr><td>Taxa de velocidade do vento<\/td><td colspan=\"2\">210km\/h<\/td><\/tr><tr><td>Temperatura de funcionamento<\/td><td colspan=\"2\">-40\u2103 - +65\u2103<\/td><\/tr><\/tbody><\/table><\/figure>","protected":false},"author":1,"featured_media":7599,"menu_order":0,"template":"","meta":{"_acf_changed":true},"product_cat":[247,338,166],"product_tag":[],"class_list":["post-7598","product","type-product","status-publish","has-post-thumbnail","hentry","product_cat-mimo-omni-antennas","product_cat-2400-7125-mhz-antennas","product_cat-wifi-6-6e-antennas"],"acf":{"_sku":"TOF-2472-6FV","product-image":[7599],"_price":"","pdsms":8890,"excerpt":"<ul>\r\n \t<li>Funciona na banda de frequ\u00eancia 2400-2500\/4900-7125MHz em cada porta<\/li>\r\n \t<li>Ganho real: 4dBi@2.4GHz e 6dBi@5\/6GHz<\/li>\r\n \t<li>Tr\u00eas antenas verticais independentes numa \u00fanica caixa<\/li>\r\n \t<li>Instala\u00e7\u00e3o exterior em poste<\/li>\r\n \t<li>Caixa da antena em PVC resistente com prote\u00e7\u00e3o UV<\/li>\r\n \t<li>Dimens\u00f5es: \u03a6128\u00d7220 mm<\/li>\r\n \t<li>Conector macho 6\u00d7RP-SMA com cabo 30cm<\/li>\r\n<\/ul>","faqs":""},"_links":{"self":[{"href":"https:\/\/www.tesswave.com\/pt\/wp-json\/wp\/v2\/product\/7598","targetHints":{"allow":["GET"]}}],"collection":[{"href":"https:\/\/www.tesswave.com\/pt\/wp-json\/wp\/v2\/product"}],"about":[{"href":"https:\/\/www.tesswave.com\/pt\/wp-json\/wp\/v2\/types\/product"}],"author":[{"embeddable":true,"href":"https:\/\/www.tesswave.com\/pt\/wp-json\/wp\/v2\/users\/1"}],"acf:attachment":[{"embeddable":true,"href":"https:\/\/www.tesswave.com\/pt\/wp-json\/wp\/v2\/media\/7599"}],"wp:featuredmedia":[{"embeddable":true,"href":"https:\/\/www.tesswave.com\/pt\/wp-json\/wp\/v2\/media\/7599"}],"wp:attachment":[{"href":"https:\/\/www.tesswave.com\/pt\/wp-json\/wp\/v2\/media?parent=7598"}],"wp:term":[{"taxonomy":"product_cat","embeddable":true,"href":"https:\/\/www.tesswave.com\/pt\/wp-json\/wp\/v2\/product_cat?post=7598"},{"taxonomy":"product_tag","embeddable":true,"href":"https:\/\/www.tesswave.com\/pt\/wp-json\/wp\/v2\/product_tag?post=7598"}],"curies":[{"name":"wp","href":"https:\/\/api.w.org\/{rel}","templated":true}]}}