{"id":7602,"date":"2023-09-22T16:26:36","date_gmt":"2023-09-22T08:26:36","guid":{"rendered":"https:\/\/www.tesswave.com\/?post_type=product&#038;p=7602"},"modified":"2025-06-19T17:00:59","modified_gmt":"2025-06-19T09:00:59","slug":"external-gps-4g-combo-antenna","status":"publish","type":"product","link":"https:\/\/www.tesswave.com\/pt\/product\/external-gps-4g-combo-antenna\/","title":{"rendered":"Antena Externa 2 em 1 Ativa GPS\/GNSS 4G LTE SMA Combo 698-2700\/1575.42MHz Montagem Magn\u00e9tica\/Adesiva"},"content":{"rendered":"<figure class=\"wp-block-table\"><table class=\"has-fixed-layout\"><tbody><tr><td><strong>Especifica\u00e7\u00f5es el\u00e9ctricas<\/strong><\/td><td>&nbsp;<\/td><td>&nbsp;<\/td><\/tr><tr><td>&nbsp;<\/td><td>Cabo 1 (4G LTE)<\/td><td>Cabo2 (GNSS)<\/td><\/tr><tr><td>Frequ\u00eancia<\/td><td>698-960\/1710-2700MHz<\/td><td>1575.42MHz\/1598-1606MHz<\/td><\/tr><tr><td>Ganho<\/td><td>1-3dBi<\/td><td>4.5dBic<\/td><\/tr><tr><td>Ganho(LNA)<\/td><td>\/<\/td><td>28\u00b12dB<\/td><\/tr><tr><td>VSWR<\/td><td>&lt;2<\/td><td>&lt;2<\/td><\/tr><tr><td>Figura de ru\u00eddo (LNA)<\/td><td>\/<\/td><td>&lt;1.5<\/td><\/tr><tr><td>Polariza\u00e7\u00e3o<\/td><td>Linear<\/td><td>RHCP<\/td><\/tr><tr><td>R\u00e1cio axial<\/td><td>\/<\/td><td>3dB (m\u00e1x.)<\/td><\/tr><tr><td>Tens\u00e3o de alimenta\u00e7\u00e3o (LNA)<\/td><td>\/<\/td><td>3~5,5V DC<\/td><\/tr><tr><td>Imped\u00e2ncia<\/td><td>50 ohms<\/td><td>50 ohms<\/td><\/tr><tr><td>M\u00e1x. Pot\u00eancia de entrada<\/td><td>50W<\/td><td>50W<\/td><\/tr><tr><td><strong>Especifica\u00e7\u00f5es mec\u00e2nicas<\/strong><\/td><td>&nbsp;<\/td><td>&nbsp;<\/td><\/tr><tr><td>Conector<\/td><td>SMA macho<\/td><td>SMA macho<\/td><\/tr><tr><td>Cabo<\/td><td>RG174 (3 Metros)<\/td><td>RG174 (3 Metros)<\/td><\/tr><tr><td>Dimens\u00e3o-mm<\/td><td>\u00d881\u00d7H15<\/td><td>&nbsp;<\/td><\/tr><tr><td>Peso<\/td><td>0,3 kg<\/td><td>&nbsp;<\/td><\/tr><tr><td>Montagem<\/td><td>Montagem adesiva ou magn\u00e9tica<\/td><td>&nbsp;<\/td><\/tr><tr><td>Material do radome<\/td><td>ABS<\/td><td>&nbsp;<\/td><\/tr><tr><td>Prote\u00e7\u00e3o contra a entrada<\/td><td>IP66<\/td><td>&nbsp;<\/td><\/tr><tr><td>Temperatura de funcionamento<\/td><td>-40\u2103 a +65\u2103<\/td><td><\/td><\/tr><\/tbody><\/table><\/figure>","protected":false},"author":1,"featured_media":7603,"menu_order":0,"template":"","meta":{"_acf_changed":true},"product_cat":[262,263],"product_tag":[],"class_list":["post-7602","product","type-product","status-publish","has-post-thumbnail","hentry","product_cat-gnss-gps-antennas","product_cat-combo-antennas"],"acf":{"_sku":"TCP-0716-3VRC-SM3","product-image":[7603],"_price":"","pdsms":null,"excerpt":"<ul>\r\n<li>2 em 1 para 4G LTE e GNSS (GPS, BeiDou, Galileo e GLONASS)<\/li>\r\n<li>Montagem adesiva ou magn\u00e9tica<\/li>\r\n<li>M\u00f3dulo de amplifica\u00e7\u00e3o incorporado para GPS<\/li>\r\n<li>Conector SMA macho<\/li>\r\n<\/ul>","faqs":""},"_links":{"self":[{"href":"https:\/\/www.tesswave.com\/pt\/wp-json\/wp\/v2\/product\/7602","targetHints":{"allow":["GET"]}}],"collection":[{"href":"https:\/\/www.tesswave.com\/pt\/wp-json\/wp\/v2\/product"}],"about":[{"href":"https:\/\/www.tesswave.com\/pt\/wp-json\/wp\/v2\/types\/product"}],"author":[{"embeddable":true,"href":"https:\/\/www.tesswave.com\/pt\/wp-json\/wp\/v2\/users\/1"}],"acf:attachment":[{"embeddable":true,"href":"https:\/\/www.tesswave.com\/pt\/wp-json\/wp\/v2\/media\/7603"}],"wp:featuredmedia":[{"embeddable":true,"href":"https:\/\/www.tesswave.com\/pt\/wp-json\/wp\/v2\/media\/7603"}],"wp:attachment":[{"href":"https:\/\/www.tesswave.com\/pt\/wp-json\/wp\/v2\/media?parent=7602"}],"wp:term":[{"taxonomy":"product_cat","embeddable":true,"href":"https:\/\/www.tesswave.com\/pt\/wp-json\/wp\/v2\/product_cat?post=7602"},{"taxonomy":"product_tag","embeddable":true,"href":"https:\/\/www.tesswave.com\/pt\/wp-json\/wp\/v2\/product_tag?post=7602"}],"curies":[{"name":"wp","href":"https:\/\/api.w.org\/{rel}","templated":true}]}}